{"id":261,"date":"2023-02-20T17:06:48","date_gmt":"2023-02-20T17:06:48","guid":{"rendered":"https:\/\/eventos.esec.pt\/icirpie\/?page_id=261"},"modified":"2025-01-23T18:11:41","modified_gmt":"2025-01-23T18:11:41","slug":"submissoes-publicacoes","status":"publish","type":"page","link":"https:\/\/eventos.esec.pt\/icirpie\/index.php\/submissoes-publicacoes\/","title":{"rendered":"Submiss\u00f5es\/Publica\u00e7\u00f5es"},"content":{"rendered":"\n<h2 class=\"wp-block-heading\">E-book<\/h2>\n\n\n\n<div data-wp-interactive=\"core\/file\" class=\"wp-block-file\"><object data-wp-bind--hidden=\"!state.hasPdfPreview\" hidden class=\"wp-block-file__embed\" data=\"https:\/\/eventos.esec.pt\/icirpie\/wp-content\/uploads\/2025\/01\/Cirpie-e-book-1.pdf\" type=\"application\/pdf\" style=\"width:100%;height:600px\" aria-label=\"Incorpora\u00e7\u00e3o de Cirpie e-book.\"><\/object><a id=\"wp-block-file--media-52d28405-5358-4f75-a78e-4f36d30732a4\" href=\"https:\/\/eventos.esec.pt\/icirpie\/wp-content\/uploads\/2025\/01\/Cirpie-e-book-1.pdf\">Cirpie e-book<\/a><a href=\"https:\/\/eventos.esec.pt\/icirpie\/wp-content\/uploads\/2025\/01\/Cirpie-e-book-1.pdf\" class=\"wp-block-file__button wp-element-button\" download aria-describedby=\"wp-block-file--media-52d28405-5358-4f75-a78e-4f36d30732a4\">Descarregar e-book<\/a><\/div>\n\n\n\n<hr class=\"wp-block-separator has-alpha-channel-opacity\"\/>\n\n\n\n<h2 class=\"wp-block-heading\">REGRAS PUBLICA\u00c7\u00c3O &#8211; ARTIGO<\/h2>\n\n\n\n<p>As comunica\u00e7\u00f5es apresentadas podem ser alvo de publica\u00e7\u00e3o, caso os autores submetam os textos no prazo definido. Os textos submetidos e aprovados pela Comiss\u00e3o Cient\u00edfica do I CIRPIE ser\u00e3o publicados num volume tem\u00e1tico com ISBN, a disponibilizar ap\u00f3s o evento, em data a definir pela organiza\u00e7\u00e3o. M\u00e1ximo 12 p\u00e1ginas (incluindo bibliografia). Os textos para publica\u00e7\u00e3o dever\u00e3o ser apresentados em portugu\u00eas ou ingl\u00eas.<\/p>\n\n\n\n<p>Cada inscri\u00e7\u00e3o <strong>s\u00f3 <\/strong>permite a apresenta\u00e7\u00e3o de duas comunica\u00e7\u00f5es e a eventual publica\u00e7\u00e3o de dois textos.&nbsp;<\/p>\n\n\n\n<p>O texto completo da comunica\u00e7\u00e3o deve ser enviado em Word, <a href=\"https:\/\/eventos.esec.pt\/icirpie\/wp-content\/uploads\/2023\/02\/Normas-para-propostas-de-comunicac\u0327o\u0303es.docx\" data-type=\"URL\" data-id=\"https:\/\/eventos.esec.pt\/icirpie\/wp-content\/uploads\/2023\/02\/Normas-para-propostas-de-comunicac\u0327o\u0303es.docx\">seguindo as normas de formata\u00e7\u00e3o definidas pela Organiza\u00e7\u00e3o do Col\u00f3quio<\/a>, atrav\u00e9s do formul\u00e1rio abaixo, at\u00e9 <s>30 de setembro 2023<\/s> <strong>15 de outubro 2023 (NOVA DATA!)<\/strong>.<\/p>\n\n\n\n<p>No texto do email deve estar indicado o formato e o t\u00edtulo da comunica\u00e7\u00e3o e qual a inscri\u00e7\u00e3o (nome do autor inscrito) a que corresponde o texto apresentado.<\/p>\n\n\n\n<div class=\"wp-block-buttons is-layout-flex wp-block-buttons-is-layout-flex\">\n<div class=\"wp-block-button has-custom-font-size is-style-outline has-medium-font-size is-style-outline--1\"><a class=\"wp-block-button__link has-white-color has-text-color has-background wp-element-button\" href=\"https:\/\/docs.google.com\/forms\/d\/e\/1FAIpQLSeQt7Wf0ECraFai5CjsplNBBvKgdgKY8dmgoVznSpgfofravA\/viewform\" style=\"background-color:#6db3d0\">Formul\u00e1rio para envio de ARTIGO<\/a><\/div>\n<\/div>\n\n\n\n<div style=\"height:20px\" aria-hidden=\"true\" class=\"wp-block-spacer\"><\/div>\n\n\n\n<p>Modelos do artigo<\/p>\n\n\n\n<div class=\"wp-block-buttons is-layout-flex wp-block-buttons-is-layout-flex\">\n<div class=\"wp-block-button has-custom-font-size is-style-outline has-small-font-size is-style-outline--2\"><a class=\"wp-block-button__link wp-element-button\" href=\"https:\/\/eventos.esec.pt\/icirpie\/wp-content\/uploads\/2023\/02\/Template-do-Artigo-versa\u0303o-Portugue\u0302s.docx\" target=\"_blank\" rel=\"noreferrer noopener\">Vers\u00e3o portugu\u00eas<\/a><\/div>\n\n\n\n<div class=\"wp-block-button has-custom-font-size is-style-outline has-small-font-size is-style-outline--3\"><a class=\"wp-block-button__link wp-element-button\" href=\"https:\/\/eventos.esec.pt\/icirpie\/wp-content\/uploads\/2023\/02\/Template-do-Artigo-versa\u0303o-INGLE\u0302S.docx\" target=\"_blank\" rel=\"noreferrer noopener\">Vers\u00e3o ingl\u00eas<\/a><\/div>\n<\/div>\n\n\n\n<div style=\"height:100px\" aria-hidden=\"true\" class=\"wp-block-spacer\"><\/div>\n\n\n\n<figure class=\"wp-block-table\"><table><tbody><tr><td>Prorroga\u00e7\u00e3o do <s>prazo at\u00e9 <strong>16 abril 2023<\/strong><\/s><br><s>At\u00e9 31 de mar\u00e7o de 2023&nbsp;<\/s><\/td><td><strong>Submiss\u00e3o de resumos para trabalhos a apresentar no Col\u00f3quio&nbsp;<\/strong><br>Aceitam-se propostas para comunica\u00e7\u00f5es em Portugu\u00eas, Ingl\u00eas ou Espanhol. <br>A Comiss\u00e3o Organizadora informa que reserva a aceita\u00e7\u00e3o definitiva das propostas de comunica\u00e7\u00f5es a pessoas inscritas no Col\u00f3quio, pois pelo menos um dos autores de cada trabalho aceite para apresenta\u00e7\u00e3o, seja qual for a sua modalidade, dever\u00e1 estar inscrito formalmente no Col\u00f3quio.<br>Cada autor\/coautor poder\u00e1, no m\u00e1ximo, efetuar duas submiss\u00f5es para o I CIRPIE.<br>Cada comunica\u00e7\u00e3o oral tem o tempo limite de 15 minutos, sendo disponibilizados posteriormente 5 minutos para discuss\u00e3o e quest\u00f5es.&nbsp;<br>O controlo do tempo da apresenta\u00e7\u00e3o ser\u00e1 rigorosamente realizado pelo coordenador\/moderador da mesa. <br>Os p\u00f3steres dever\u00e3o ter como medidas m\u00e1ximas 90 cm de largura e 1,20 m de comprimento e ser apresentados com um tamanho de letra que permita a sua leitura a 1 metro de dist\u00e2ncia.&nbsp;<br>Os p\u00f3steres ser\u00e3o organizados em sess\u00f5es tem\u00e1ticas onde se promover\u00e1 a sua apresenta\u00e7\u00e3o e discuss\u00e3o.<strong>(ver sec\u00e7\u00e3o de Templates abaixo)<\/strong><\/td><\/tr><tr><td><s>At\u00e9 20 de maio de 2023<\/s><\/td><td>Comunica\u00e7\u00e3o de aceita\u00e7\u00e3o da(s) proposta(s) de trabalho(s) (comunica\u00e7\u00e3o oral\/p\u00f3ster) a apresentar no Col\u00f3quio.<br>A Comiss\u00e3o cient\u00edfica informar\u00e1 via e-mail sobre a aceita\u00e7\u00e3o das diferentes comunica\u00e7\u00f5es e sua participa\u00e7\u00e3o no I CIRPIE<\/td><\/tr><tr><td>At\u00e9 15 de outubro de 2023<\/td><td>Submiss\u00e3o de artigo associado \u00e0 comunica\u00e7\u00e3o ou p\u00f3ster<\/td><\/tr><\/tbody><\/table><\/figure>\n\n\n\n<p class=\"has-small-font-size\"><strong>Nota:<\/strong> N\u00e3o se esque\u00e7a de se&nbsp;<strong>inscrever&nbsp;<\/strong>no Col\u00f3quio assim que a sua comunica\u00e7\u00e3o for aceite (inscri\u00e7\u00e3o a pre\u00e7o reduzido at\u00e9 15 de maio)<\/p>\n\n\n\n<hr class=\"wp-block-separator has-alpha-channel-opacity is-style-dots\"\/>\n\n\n\n<h2 class=\"wp-block-heading\">Templates e outras indica\u00e7\u00f5es<\/h2>\n\n\n\n<h3 class=\"wp-block-heading\">RESUMO PARA COMUNICA\u00c7\u00d5ES (Oral ou P\u00f3ster)<\/h3>\n\n\n\n<div class=\"wp-block-buttons is-layout-flex wp-block-buttons-is-layout-flex\">\n<div class=\"wp-block-button has-custom-font-size is-style-outline has-medium-font-size is-style-outline--4\"><a class=\"wp-block-button__link has-white-color has-text-color has-background wp-element-button\" href=\"https:\/\/docs.google.com\/forms\/d\/e\/1FAIpQLScsSXeCbG1yhtVuEcWME9k-A6qBT-k3PXH90gT3WyYJTlmsUw\/viewform\" style=\"background-color:#6db3d0\" target=\"_blank\" rel=\"noreferrer noopener\">Formul\u00e1rio para envio de RESUMO<\/a><\/div>\n<\/div>\n\n\n\n<div style=\"height:22px\" aria-hidden=\"true\" class=\"wp-block-spacer\"><\/div>\n\n\n\n<div class=\"wp-block-buttons is-layout-flex wp-block-buttons-is-layout-flex\">\n<div class=\"wp-block-button has-custom-font-size is-style-outline has-small-font-size is-style-outline--5\"><a class=\"wp-block-button__link wp-element-button\" href=\"https:\/\/eventos.esec.pt\/icirpie\/wp-content\/uploads\/2023\/02\/Template-Comunicacao-Oral_Poster-PT.docx\" target=\"_blank\" rel=\"noreferrer noopener\">Template vers\u00e3o portugu\u00eas<\/a><\/div>\n\n\n\n<div class=\"wp-block-button has-custom-font-size is-style-outline has-small-font-size is-style-outline--6\"><a class=\"wp-block-button__link wp-element-button\" href=\"https:\/\/eventos.esec.pt\/icirpie\/wp-content\/uploads\/2023\/02\/Template-Comunicacao-Oral_Poster-EN.docx\" target=\"_blank\" rel=\"noreferrer noopener\">Template vers\u00e3o ingl\u00eas<\/a><\/div>\n<\/div>\n\n\n\n<p><strong>Template Comunica\u00e7\u00f5es Orais<\/strong><\/p>\n\n\n\n<div class=\"wp-block-buttons is-layout-flex wp-block-buttons-is-layout-flex\">\n<div class=\"wp-block-button has-custom-font-size is-style-outline has-small-font-size is-style-outline--7\"><a class=\"wp-block-button__link wp-element-button\" href=\"https:\/\/eventos.esec.pt\/icirpie\/wp-content\/uploads\/2023\/02\/1o-CIRPIE-Template-powerpoint.pptx\" target=\"_blank\" rel=\"noreferrer noopener\">Vers\u00e3o portugu\u00eas (PPT)<\/a><\/div>\n<\/div>\n\n\n\n<p class=\"has-small-font-size\">As comunica\u00e7\u00f5es orais ser\u00e3o apresentadas na sess\u00e3o cient\u00edfica correspondente em portugu\u00eas, ingl\u00eas ou espanhol.<\/p>\n\n\n\n<p><strong>Template P\u00f3steres<\/strong><\/p>\n\n\n\n<div class=\"wp-block-buttons is-layout-flex wp-block-buttons-is-layout-flex\">\n<div class=\"wp-block-button has-custom-font-size is-style-outline has-small-font-size is-style-outline--8\"><a class=\"wp-block-button__link wp-element-button\" href=\"https:\/\/eventos.esec.pt\/icirpie\/wp-content\/uploads\/2023\/02\/1oCIRPIE-Layout-Poster.pptx\" target=\"_blank\" rel=\"noreferrer noopener\">Vers\u00e3o portugu\u00eas<\/a><\/div>\n<\/div>\n\n\n\n<div style=\"height:34px\" aria-hidden=\"true\" class=\"wp-block-spacer\"><\/div>\n\n\n\n<h3 class=\"wp-block-heading\"><strong>Sele\u00e7\u00e3o das Comunica\u00e7\u00f5es<\/strong><\/h3>\n\n\n\n<p>A Comiss\u00e3o Cient\u00edfica analisar\u00e1 o seu conte\u00fado, procedendo a sua aceita\u00e7\u00e3o para apresenta\u00e7\u00e3o oral ou em p\u00f3ster, se reunir todos os requisitos estabelecidos.<\/p>\n\n\n\n<p>As comunica\u00e7\u00f5es podem ser rejeitadas pela Comiss\u00e3o Cient\u00edfica se n\u00e3o corresponderem ao t\u00edtulo e ao conte\u00fado propostos, se n\u00e3o derem qualquer contributo original ou se a sua qualidade n\u00e3o for adequada ou, em \u00faltima an\u00e1lise, n\u00e3o contribu\u00edrem para o avan\u00e7o do conhecimento, porque se trata apenas de recapitula\u00e7\u00e3o de temas j\u00e1 conhecidos. Aten\u00e7\u00e3o especial ser\u00e1 dada ao pl\u00e1gio.<\/p>\n\n\n\n<div style=\"height:33px\" aria-hidden=\"true\" class=\"wp-block-spacer\"><\/div>\n","protected":false},"excerpt":{"rendered":"<p>E-book REGRAS PUBLICA\u00c7\u00c3O &#8211; ARTIGO As comunica\u00e7\u00f5es apresentadas podem ser alvo de publica\u00e7\u00e3o, caso os autores submetam os textos no prazo definido. Os textos submetidos&hellip;<\/p>\n","protected":false},"author":2,"featured_media":0,"parent":0,"menu_order":0,"comment_status":"closed","ping_status":"closed","template":"","meta":{"footnotes":""},"class_list":["post-261","page","type-page","status-publish","hentry"],"_links":{"self":[{"href":"https:\/\/eventos.esec.pt\/icirpie\/index.php\/wp-json\/wp\/v2\/pages\/261","targetHints":{"allow":["GET"]}}],"collection":[{"href":"https:\/\/eventos.esec.pt\/icirpie\/index.php\/wp-json\/wp\/v2\/pages"}],"about":[{"href":"https:\/\/eventos.esec.pt\/icirpie\/index.php\/wp-json\/wp\/v2\/types\/page"}],"author":[{"embeddable":true,"href":"https:\/\/eventos.esec.pt\/icirpie\/index.php\/wp-json\/wp\/v2\/users\/2"}],"replies":[{"embeddable":true,"href":"https:\/\/eventos.esec.pt\/icirpie\/index.php\/wp-json\/wp\/v2\/comments?post=261"}],"version-history":[{"count":40,"href":"https:\/\/eventos.esec.pt\/icirpie\/index.php\/wp-json\/wp\/v2\/pages\/261\/revisions"}],"predecessor-version":[{"id":671,"href":"https:\/\/eventos.esec.pt\/icirpie\/index.php\/wp-json\/wp\/v2\/pages\/261\/revisions\/671"}],"wp:attachment":[{"href":"https:\/\/eventos.esec.pt\/icirpie\/index.php\/wp-json\/wp\/v2\/media?parent=261"}],"curies":[{"name":"wp","href":"https:\/\/api.w.org\/{rel}","templated":true}]}}