{"id":25,"date":"2026-01-20T18:08:57","date_gmt":"2026-01-20T18:08:57","guid":{"rendered":"https:\/\/eventos.esec.pt\/eipe2026\/?page_id=25"},"modified":"2026-03-31T10:38:10","modified_gmt":"2026-03-31T10:38:10","slug":"inscricoes","status":"publish","type":"page","link":"https:\/\/eventos.esec.pt\/eipe2026\/inscricoes\/","title":{"rendered":"Inscri\u00e7\u00f5es"},"content":{"rendered":"\n<h2 class=\"wp-block-heading has-medium-font-size\"><strong><mark style=\"background-color:#686868\" class=\"has-inline-color has-base-color\">Inscri\u00e7\u00e3o entre 28 de mar\u00e7o e 10 abril 2026<\/mark> <\/strong><br>(inscri\u00e7\u00e3o com agravamento do pre\u00e7o)<\/h2>\n\n\n\n<h3 class=\"wp-block-heading has-medium-font-size\"><strong>Estudantes da ESEC<\/strong><\/h3>\n\n\n\n<p class=\"has-medium-font-size\">\u2022 10 euros (certificado e documenta\u00e7\u00e3o do evento) \u00bb <strong><a href=\"https:\/\/machform.esec.pt\/view.php?id=344385\" target=\"_blank\" rel=\"noreferrer noopener\">Inscri\u00e7\u00e3o<\/a><\/strong><\/p>\n\n\n\n<h3 class=\"wp-block-heading has-medium-font-size\"><strong>Professores Cooperantes da ESEC e Comunidade da ESEC (diplomados, funcion\u00e1rios e docentes)<\/strong><\/h3>\n\n\n\n<p class=\"has-medium-font-size\">\u2022 20 euros (certificado e documenta\u00e7\u00e3o do evento) \u00bb <strong><a href=\"https:\/\/machform.esec.pt\/view.php?id=360440\" target=\"_blank\" rel=\"noreferrer noopener\">Inscri\u00e7\u00e3o<\/a><\/strong><\/p>\n\n\n\n<h3 class=\"wp-block-heading has-medium-font-size\"><strong>Outros participantes<\/strong><\/h3>\n\n\n\n<p class=\"has-medium-font-size\">\u2022 35 euros (inclui certificado e documenta\u00e7\u00e3o do evento) \u00bb <strong><a href=\"https:\/\/machform.esec.pt\/view.php?id=347101\" target=\"_blank\" rel=\"noreferrer noopener\">Inscri\u00e7\u00e3o<\/a><\/strong><\/p>\n\n\n\n<div style=\"height:25px\" aria-hidden=\"true\" class=\"wp-block-spacer\"><\/div>\n\n\n\n<h2 class=\"wp-block-heading has-medium-font-size\"><strong><mark style=\"background-color:#686868\" class=\"has-inline-color has-base-color\">Inscri\u00e7\u00e3o at\u00e9 27 de mar\u00e7o 2026<\/mark><\/strong><\/h2>\n\n\n\n<h3 class=\"wp-block-heading has-medium-font-size\"><strong>Estudantes da ESEC<\/strong><\/h3>\n\n\n\n<p class=\"has-medium-font-size\">\u2022 5 euros (certificado e documenta\u00e7\u00e3o do evento) \u00bb <a href=\"https:\/\/machform.esec.pt\/view.php?id=344385\"><strong>Inscri\u00e7\u00e3o<\/strong><\/a><br>\u2022 Gratuito (sem certificado e sem documenta\u00e7\u00e3o do evento) \u00bb <a href=\"https:\/\/machform.esec.pt\/view.php?id=345183\"><strong>Inscri\u00e7\u00e3o<\/strong><\/a><\/p>\n\n\n\n<h3 class=\"wp-block-heading has-medium-font-size\"><strong>Professores Cooperantes da ESEC e Comunidade da ESEC (diplomados, funcion\u00e1rios e docentes)<\/strong><\/h3>\n\n\n\n<p class=\"has-medium-font-size\">\u2022 10 euros (certificado e pasta com documenta\u00e7\u00e3o do evento) \u00bb <a href=\"https:\/\/machform.esec.pt\/view.php?id=345543\"><strong>Inscri\u00e7\u00e3o<\/strong><\/a><br>\u2022 15 euros (com acredita\u00e7\u00e3o e pasta com documenta\u00e7\u00e3o do evento) \u00bb <a href=\"https:\/\/machform.esec.pt\/view.php?id=346385\"><strong>Inscri\u00e7\u00e3o<\/strong><\/a><br>\u2022 Gratuito (sem certificado e sem documenta\u00e7\u00e3o do evento) \u00bb <a href=\"https:\/\/machform.esec.pt\/view.php?id=347860\"><strong>Inscri\u00e7\u00e3o<\/strong><\/a><\/p>\n\n\n\n<h3 class=\"wp-block-heading has-medium-font-size\"><strong>Outros participantes<\/strong><\/h3>\n\n\n\n<p class=\"has-medium-font-size\">\u2022 25 euros (inclui certificado e documenta\u00e7\u00e3o do evento) \u00bb <a href=\"https:\/\/machform.esec.pt\/view.php?id=347101\"><strong>Inscri\u00e7\u00e3o<\/strong><\/a><\/p>\n\n\n\n<div style=\"height:25px\" aria-hidden=\"true\" class=\"wp-block-spacer\"><\/div>\n\n\n\n<h2 class=\"wp-block-heading has-medium-font-size\"><strong>Notas<\/strong><\/h2>\n\n\n\n<p class=\"has-medium-font-size\"><strong>NOTA 1<\/strong>: Todos os participantes ter\u00e3o de se inscrever obrigatoriamente no evento, mesmo n\u00e3o querendo certificado e documenta\u00e7\u00e3o do evento.<\/p>\n\n\n\n<p class=\"has-medium-font-size\"><strong>NOTA 2<\/strong>: O cancelamento de inscri\u00e7\u00f5es implica a perda total do valor da taxa de inscri\u00e7\u00e3o, n\u00e3o havendo lugar a reembolsos.<\/p>\n\n\n\n<p class=\"has-medium-font-size\"><strong>NOTA 3<\/strong>: Caso pretenda participar numa oficina, dever\u00e1 inscrever-se atrav\u00e9s dos links fornecidos, ap\u00f3s a sua inscri\u00e7\u00e3o no evento. NOTA 3: Os certificados de comunica\u00e7\u00e3o ser\u00e3o entregues por comunica\u00e7\u00e3o apresentada e discutida no Encontro&nbsp;<strong>apenas<\/strong>&nbsp;aos autores inscritos no evento.<\/p>\n\n\n\n<div style=\"height:25px\" aria-hidden=\"true\" class=\"wp-block-spacer\"><\/div>\n\n\n\n<h2 class=\"wp-block-heading has-medium-font-size\">Certificado com Acredita\u00e7\u00e3o<\/h2>\n\n\n\n<p class=\"has-medium-font-size\">Caso seja eleg\u00edvel e pretenda certificado de Acredita\u00e7\u00e3o pelo Conselho Cient\u00edfico-Pedag\u00f3gico da Forma\u00e7\u00e3o Cont\u00ednua (CCPFC), dever\u00e1 dar essa informa\u00e7\u00e3o aquando da inscri\u00e7\u00e3o no evento.<\/p>\n","protected":false},"excerpt":{"rendered":"<p>Inscri\u00e7\u00e3o entre 28 de mar\u00e7o e 10 abril 2026 (inscri\u00e7\u00e3o com agravamento do pre\u00e7o) Estudantes da ESEC \u2022 10 euros (certificado e documenta\u00e7\u00e3o do evento) \u00bb Inscri\u00e7\u00e3o Professores Cooperantes da ESEC e Comunidade da ESEC (diplomados, funcion\u00e1rios e docentes) \u2022 20 euros (certificado e documenta\u00e7\u00e3o do evento) \u00bb Inscri\u00e7\u00e3o Outros participantes \u2022 35 euros (inclui [&hellip;]<\/p>\n","protected":false},"author":2,"featured_media":0,"parent":0,"menu_order":0,"comment_status":"closed","ping_status":"closed","template":"","meta":{"footnotes":""},"class_list":["post-25","page","type-page","status-publish","hentry"],"_links":{"self":[{"href":"https:\/\/eventos.esec.pt\/eipe2026\/wp-json\/wp\/v2\/pages\/25","targetHints":{"allow":["GET"]}}],"collection":[{"href":"https:\/\/eventos.esec.pt\/eipe2026\/wp-json\/wp\/v2\/pages"}],"about":[{"href":"https:\/\/eventos.esec.pt\/eipe2026\/wp-json\/wp\/v2\/types\/page"}],"author":[{"embeddable":true,"href":"https:\/\/eventos.esec.pt\/eipe2026\/wp-json\/wp\/v2\/users\/2"}],"replies":[{"embeddable":true,"href":"https:\/\/eventos.esec.pt\/eipe2026\/wp-json\/wp\/v2\/comments?post=25"}],"version-history":[{"count":12,"href":"https:\/\/eventos.esec.pt\/eipe2026\/wp-json\/wp\/v2\/pages\/25\/revisions"}],"predecessor-version":[{"id":245,"href":"https:\/\/eventos.esec.pt\/eipe2026\/wp-json\/wp\/v2\/pages\/25\/revisions\/245"}],"wp:attachment":[{"href":"https:\/\/eventos.esec.pt\/eipe2026\/wp-json\/wp\/v2\/media?parent=25"}],"curies":[{"name":"wp","href":"https:\/\/api.w.org\/{rel}","templated":true}]}}