{"id":23,"date":"2026-01-20T18:08:26","date_gmt":"2026-01-20T18:08:26","guid":{"rendered":"https:\/\/eventos.esec.pt\/eipe2026\/?page_id=23"},"modified":"2026-03-31T10:47:52","modified_gmt":"2026-03-31T10:47:52","slug":"programa","status":"publish","type":"page","link":"https:\/\/eventos.esec.pt\/eipe2026\/programa\/","title":{"rendered":"Programa Provis\u00f3rio"},"content":{"rendered":"\n<h3 class=\"wp-block-heading\"><strong>Sexta-feira: 17 de abril<\/strong><\/h3>\n\n\n\n<figure class=\"wp-block-table has-medium-font-size\"><table class=\"has-fixed-layout\"><tbody><tr><td>8h20<br><strong>Audit\u00f3rio<\/strong><\/td><td>Abertura do secretariado do evento<\/td><\/tr><tr><td>9h00 <br><strong>Audit\u00f3rio<\/strong><\/td><td>Sess\u00e3o de abertura<\/td><\/tr><tr><td>&nbsp;<\/td><td>Apontamento Musical<\/td><\/tr><tr><td>9h30 \u2013 10h30 <br><strong>Audit\u00f3rio<\/strong> <strong>&nbsp;<\/strong><\/td><td><strong>Confer\u00eancia Plen\u00e1ria <\/strong><br><strong>Tema <\/strong>| <em>No tempo das respostas r\u00e1pidas, quem guarda o espanto? <\/em><br><strong>Orador <\/strong>| Jo\u00e3o Couvaneiro &#8211; Egas Moniz School of Health &amp; Science<\/td><\/tr><tr><td>10h30 \u2013 10h45<\/td><td><strong>Pausa para caf\u00e9<\/strong><strong><\/strong><\/td><\/tr><tr><td>10h45 \u2013 12h15<\/td><td><strong>Comunica\u00e7\u00f5es paralelas I<\/strong><strong><\/strong><\/td><\/tr><tr><td>12h15 \u2013 14h15<\/td><td><strong>Pausa para almo\u00e7o<\/strong><strong><\/strong><\/td><\/tr><tr><td>14h15 \u2013 15h45<\/td><td><strong>Oficinas paralelas I | Comunica\u00e7\u00f5es paralelas II<\/strong><strong><\/strong><\/td><\/tr><tr><td>15h45 \u2013 16h<\/td><td><strong>Pausa para caf\u00e9<\/strong><strong><\/strong><\/td><\/tr><tr><td>16h00 \u2013 17h30 <br><strong>Audit\u00f3rio<\/strong> <strong>&nbsp;<\/strong><\/td><td><strong>Confer\u00eancia em di\u00e1logo<\/strong><br><strong>Tema <\/strong>| <em>Educa\u00e7\u00e3o relacional &#8211; N\u00e3o h\u00e1 educa\u00e7\u00e3o fora da rela\u00e7\u00e3o<\/em><br><strong>Orador <\/strong>| Rui Marques &#8211; Relational Lab<\/td><\/tr><tr><td>17h30<\/td><td><strong>Apresenta\u00e7\u00e3o do livro<\/strong> <br>\u201cEduca\u00e7\u00e3o Relacional: A Arte de Educar atrav\u00e9s das Rela\u00e7\u00f5es\u201d<\/td><\/tr><tr><td>18h<\/td><td>Porto de Honra<\/td><\/tr><\/tbody><\/table><\/figure>\n\n\n\n<h3 class=\"wp-block-heading\"><strong>S\u00e1bado: 18 de abril<\/strong><\/h3>\n\n\n\n<figure class=\"wp-block-table has-medium-font-size\"><table class=\"has-fixed-layout\"><tbody><tr><td>9h00 \u2013 10h30<\/td><td><strong>Comunica\u00e7\u00f5es paralelas III<\/strong><strong><\/strong><\/td><\/tr><tr><td>10h30 \u2013 10h45<\/td><td><strong>Pausa para caf\u00e9<\/strong><strong><\/strong><\/td><\/tr><tr><td>10h45 \u2013 12h15<\/td><td><strong>Oficinas Paralelas II | Comunica\u00e7\u00f5es paralelas IV<\/strong><strong><\/strong><\/td><\/tr><tr><td>12h25 \u2013 13h25 <br><strong>Audit\u00f3rio<\/strong><\/td><td><strong>Confer\u00eancia Plen\u00e1ria<\/strong><br><strong>Tema <\/strong>| <em>Podemos Pensar Cr\u00edtica e Criativamente com a Intelig\u00eancia Artificial?<\/em> <br><strong>Orador <\/strong>| Rui Vieira \u2013 Universidade de Aveiro<\/td><\/tr><tr><td>13h25 <br><strong>Audit\u00f3rio<\/strong><\/td><td>Sess\u00e3o de encerramento<\/td><\/tr><\/tbody><\/table><\/figure>\n\n\n\n<p><\/p>\n","protected":false},"excerpt":{"rendered":"<p>Sexta-feira: 17 de abril 8h20Audit\u00f3rio Abertura do secretariado do evento 9h00 Audit\u00f3rio Sess\u00e3o de abertura &nbsp; Apontamento Musical 9h30 \u2013 10h30 Audit\u00f3rio &nbsp; Confer\u00eancia Plen\u00e1ria Tema | No tempo das respostas r\u00e1pidas, quem guarda o espanto? Orador | Jo\u00e3o Couvaneiro &#8211; Egas Moniz School of Health &amp; Science 10h30 \u2013 10h45 Pausa para caf\u00e9 10h45 [&hellip;]<\/p>\n","protected":false},"author":2,"featured_media":0,"parent":0,"menu_order":0,"comment_status":"closed","ping_status":"closed","template":"","meta":{"footnotes":""},"class_list":["post-23","page","type-page","status-publish","hentry"],"_links":{"self":[{"href":"https:\/\/eventos.esec.pt\/eipe2026\/wp-json\/wp\/v2\/pages\/23","targetHints":{"allow":["GET"]}}],"collection":[{"href":"https:\/\/eventos.esec.pt\/eipe2026\/wp-json\/wp\/v2\/pages"}],"about":[{"href":"https:\/\/eventos.esec.pt\/eipe2026\/wp-json\/wp\/v2\/types\/page"}],"author":[{"embeddable":true,"href":"https:\/\/eventos.esec.pt\/eipe2026\/wp-json\/wp\/v2\/users\/2"}],"replies":[{"embeddable":true,"href":"https:\/\/eventos.esec.pt\/eipe2026\/wp-json\/wp\/v2\/comments?post=23"}],"version-history":[{"count":10,"href":"https:\/\/eventos.esec.pt\/eipe2026\/wp-json\/wp\/v2\/pages\/23\/revisions"}],"predecessor-version":[{"id":249,"href":"https:\/\/eventos.esec.pt\/eipe2026\/wp-json\/wp\/v2\/pages\/23\/revisions\/249"}],"wp:attachment":[{"href":"https:\/\/eventos.esec.pt\/eipe2026\/wp-json\/wp\/v2\/media?parent=23"}],"curies":[{"name":"wp","href":"https:\/\/api.w.org\/{rel}","templated":true}]}}