{"id":22,"date":"2026-01-20T18:08:08","date_gmt":"2026-01-20T18:08:08","guid":{"rendered":"https:\/\/eventos.esec.pt\/eipe2026\/?page_id=22"},"modified":"2026-03-09T13:48:06","modified_gmt":"2026-03-09T13:48:06","slug":"comissoes","status":"publish","type":"page","link":"https:\/\/eventos.esec.pt\/eipe2026\/comissoes\/","title":{"rendered":"Comiss\u00f5es"},"content":{"rendered":"\n<div style=\"height:45px\" aria-hidden=\"true\" class=\"wp-block-spacer\"><\/div>\n\n\n\n<h2 class=\"wp-block-heading has-large-font-size\">Organizadora<\/h2>\n\n\n\n<p class=\"has-medium-font-size\">\u2022 Ana Santiago \u2013 Instituto Polit\u00e9cnico de Coimbra<br>\u2022 Cristina Leandro \u2013 Instituto Polit\u00e9cnico de Coimbra<br>\u2022 Isabel Correia \u2013 Instituto Polit\u00e9cnico de Coimbra<br>\u2022 Jos\u00e9 Miguel Sacramento \u2013 Instituto Polit\u00e9cnico de Coimbra<br>\u2022 Marco Bento \u2013 Instituto Polit\u00e9cnico de Coimbra<br>\u2022 Maria do Ros\u00e1rio Casti\u00e7o Campos \u2013 Instituto Polit\u00e9cnico de Coimbra<br>\u2022 S\u00edlvia Parreiral \u2013 Instituto Polit\u00e9cnico de Coimbra<br>\u2022 S\u00edlvia Espada \u2013 Instituto Polit\u00e9cnico de Coimbra<br>\u2022 Sofia Gon\u00e7alves \u2013 Instituto Polit\u00e9cnico de Coimbra<br>\u2022 Vera do Vale \u2013 Instituto Polit\u00e9cnico de Coimbra<br>\u2022 Virg\u00edlio Rato \u2013 Instituto Polit\u00e9cnico de Coimbra<\/p>\n\n\n\n<div style=\"height:45px\" aria-hidden=\"true\" class=\"wp-block-spacer\"><\/div>\n\n\n\n<h2 class=\"wp-block-heading has-large-font-size\">Cient\u00edfica<\/h2>\n\n\n\n<p class=\"has-medium-font-size\">\u2022 Aida Figueiredo \u2013 Universidade de Aveiro<br>\u2022 Ana Am\u00e9lia Carvalho \u2013 Universidade de Coimbra<br>\u2022 Ana Barbosa \u2013 Instituto Polit\u00e9cnico de Viana do Castelo<br>\u2022 Ana Carolina Frias \u2013 Instituto Polit\u00e9cnico de Coimbra<br>\u2022 Ana Coelho \u2013 Instituto Polit\u00e9cnico de Coimbra<br>\u2022 Ana Margarida Vaz \u2013 Instituto Polit\u00e9cnico de Coimbra<br>\u2022 Ana Oliveira \u2013 Instituto Polit\u00e9cnico de Leiria<br>\u2022 Ana Paula Aires \u2013 Universidade de Tr\u00e1s-os-Montes e Alto Douro<br>\u2022 Ana Paula Ferreira \u2013 Instituto Polit\u00e9cnico de Coimbra<br>\u2022 Ana Raquel Carvalh \u2013o Instituto Polit\u00e9cnico de Coimbra<br>\u2022 Ana Silva Marques \u2013 Instituto Polit\u00e9cnico de Lisboa<br>\u2022 Ana Teresa Brito \u2013 Ispa-Instituto Universit\u00e1rio<br>\u2022 Bento Cavadas \u2013 Universidade de Aveiro<br>\u2022 Catarina Cruz \u2013 Instituto Polit\u00e9cnico de Coimbra<br>\u2022 Cor\u00e1lia Pimenta \u2013 Instituto Polit\u00e9cnico de Coimbra<br>\u2022 Cristina Gil \u2013 Instituto Polit\u00e9cnico de Set\u00fabal<br>\u2022 Dulce Vaz \u2013 Instituto Polit\u00e9cnico de Coimbra<br>\u2022 F\u00e1tima Neves \u2013 Instituto Polit\u00e9cnico de Coimbra<br>\u2022 Fernando Martins \u2013 Instituto Polit\u00e9cnico de Coimbra<br>\u2022 Francisco Campos \u2013 Instituto Polit\u00e9cnico de Coimbra<br>\u2022 Joana Ch\u00e9linho \u2013 Instituto Polit\u00e9cnico de Coimbra<br>\u2022 Jo\u00e3o Rocha \u2013 Instituto Polit\u00e9cnico de Viseu<br>\u2022 Jorge Fel\u00edcio \u2013 Instituto Polit\u00e9cnico de Coimbra<br>\u2022 Jos\u00e9 Marques Morgado \u2013 Instituto Polit\u00e9cnico de Coimbra<br>\u2022 Jos\u00e9 Pedro e Silva \u2013 Instituto Polit\u00e9cnico de Coimbra<br>\u2022 Lourdes Mata \u2013 Ispa-Instituto Universit\u00e1rio<br>\u2022 Lu\u00eds Miguel Oliveira \u2013 Instituto Polit\u00e9cnico de Leiria<br>\u2022 Lu\u00eds Mota \u2013 Instituto Polit\u00e9cnico de Coimbra<br>\u2022 Madalena Baptista \u2013 Instituto Polit\u00e9cnico de Coimbra<br>\u2022 Madalena Teixeira \u2013 Universidade de Aveiro<br>\u2022 Manuel Vara Pires \u2013 Instituto Polit\u00e9cnico de Bragan\u00e7a<br>\u2022 Margarida Ad\u00f3nis Torres \u2013 Instituto Polit\u00e9cnico de Coimbra<br>\u2022 Maria Helena Ramos \u2013 Instituto Polit\u00e9cnico de Coimbra<br>\u2022 Maria Isabel Ferraz Festas \u2013 Universidade de Coimbra<br>\u2022 M\u00e1rio Cruz \u2013 Instituto Polit\u00e9cnico do Porto<br>\u2022 Miguel Santos \u2013 Instituto Polit\u00e9cnico do Porto<br>\u2022 Nat\u00e1lia Pires \u2013 Instituto Polit\u00e9cnico de Coimbra<br>\u2022 Nuno Chuva Vasco \u2013 Instituto Polit\u00e9cnico de Coimbra<br>\u2022 Nuno Lopes Martins \u2013 Instituto Polit\u00e9cnico de Coimbra<br>\u2022 Paula Teixeira \u2013 Universidade Nova de Lisboa<br>\u2022 Pedro Balaus \u2013 Instituto Polit\u00e9cnico de Coimbra<br>\u2022 Rafaela Cota da Silva \u2013 Instituto Polit\u00e9cnico de Coimbra<br>\u2022 Ricardo Melo \u2013 Instituto Polit\u00e9cnico de Coimbra<br>\u2022 S\u00edlvia Barros \u2013 Instituto Polit\u00e9cnico do Porto<br>\u2022 Susana Ribeiro \u2013 Instituto Polit\u00e9cnico de Coimbra<\/p>\n\n\n\n<div style=\"height:45px\" aria-hidden=\"true\" class=\"wp-block-spacer\"><\/div>\n\n\n\n<h2 class=\"wp-block-heading has-large-font-size\">Apoio ao evento<\/h2>\n\n\n\n<p class=\"has-medium-font-size\">(Informa\u00e7\u00e3o brevemente dispon\u00edvel)<\/p>\n","protected":false},"excerpt":{"rendered":"<p>Organizadora \u2022 Ana Santiago \u2013 Instituto Polit\u00e9cnico de Coimbra\u2022 Cristina Leandro \u2013 Instituto Polit\u00e9cnico de Coimbra\u2022 Isabel Correia \u2013 Instituto Polit\u00e9cnico de Coimbra\u2022 Jos\u00e9 Miguel Sacramento \u2013 Instituto Polit\u00e9cnico de Coimbra\u2022 Marco Bento \u2013 Instituto Polit\u00e9cnico de Coimbra\u2022 Maria do Ros\u00e1rio Casti\u00e7o Campos \u2013 Instituto Polit\u00e9cnico de Coimbra\u2022 S\u00edlvia Parreiral \u2013 Instituto Polit\u00e9cnico de Coimbra\u2022 [&hellip;]<\/p>\n","protected":false},"author":2,"featured_media":0,"parent":0,"menu_order":0,"comment_status":"closed","ping_status":"closed","template":"","meta":{"footnotes":""},"class_list":["post-22","page","type-page","status-publish","hentry"],"_links":{"self":[{"href":"https:\/\/eventos.esec.pt\/eipe2026\/wp-json\/wp\/v2\/pages\/22","targetHints":{"allow":["GET"]}}],"collection":[{"href":"https:\/\/eventos.esec.pt\/eipe2026\/wp-json\/wp\/v2\/pages"}],"about":[{"href":"https:\/\/eventos.esec.pt\/eipe2026\/wp-json\/wp\/v2\/types\/page"}],"author":[{"embeddable":true,"href":"https:\/\/eventos.esec.pt\/eipe2026\/wp-json\/wp\/v2\/users\/2"}],"replies":[{"embeddable":true,"href":"https:\/\/eventos.esec.pt\/eipe2026\/wp-json\/wp\/v2\/comments?post=22"}],"version-history":[{"count":9,"href":"https:\/\/eventos.esec.pt\/eipe2026\/wp-json\/wp\/v2\/pages\/22\/revisions"}],"predecessor-version":[{"id":206,"href":"https:\/\/eventos.esec.pt\/eipe2026\/wp-json\/wp\/v2\/pages\/22\/revisions\/206"}],"wp:attachment":[{"href":"https:\/\/eventos.esec.pt\/eipe2026\/wp-json\/wp\/v2\/media?parent=22"}],"curies":[{"name":"wp","href":"https:\/\/api.w.org\/{rel}","templated":true}]}}