{"id":2,"date":"2026-01-20T15:26:37","date_gmt":"2026-01-20T15:26:37","guid":{"rendered":"https:\/\/eventos.esec.pt\/eipe2026\/?page_id=2"},"modified":"2026-03-09T13:51:28","modified_gmt":"2026-03-09T13:51:28","slug":"pagina-exemplo","status":"publish","type":"page","link":"https:\/\/eventos.esec.pt\/eipe2026\/","title":{"rendered":"Apresenta\u00e7\u00e3o"},"content":{"rendered":"\n<p>O&nbsp;<strong>EIPE \u2013 Encontro de Investiga\u00e7\u00e3o e Pr\u00e1ticas em Educa\u00e7\u00e3o<\/strong>&nbsp;\u00e9 um Encontro de reflex\u00e3o no \u00e2mbito da forma\u00e7\u00e3o e investiga\u00e7\u00e3o em diferentes contextos de Educa\u00e7\u00e3o de Inf\u00e2ncia, Ensino dos 1.\u00ba e 2.\u00ba CEB e Ensino de L\u00edngua Gestual Portuguesa.<\/p>\n\n\n\n<p class=\"has-medium-font-size\">Constitui uma oportunidade para a divulga\u00e7\u00e3o e partilha de experi\u00eancias pedag\u00f3gicas e a dinamiza\u00e7\u00e3o de oficinas de forma\u00e7\u00e3o. Nesse sentido, pretende ser um espa\u00e7o de di\u00e1logo entre investigadoras\/es, educadoras\/es e professoras\/es, bem como entre todas\/os aquelas\/es que desejem participar no Encontro.<\/p>\n\n\n\n<p class=\"has-medium-font-size\">Numa perspetiva interdisciplinar, articulada e transformadora \u00e9 prop\u00f3sito do EIPE dar a conhecer e trazer \u00e0 discuss\u00e3o diferentes percursos no \u00e2mbito do desenvolvimento curricular, das pr\u00e1ticas de forma\u00e7\u00e3o inicial de educadores\/as e professores\/as nas v\u00e1rias \u00e1reas do saber e das pol\u00edticas educativas.<\/p>\n\n\n\n<div style=\"height:45px\" aria-hidden=\"true\" class=\"wp-block-spacer\"><\/div>\n\n\n\n<h2 class=\"wp-block-heading\">Tema<\/h2>\n\n\n\n<blockquote class=\"wp-block-quote is-layout-flow wp-block-quote-is-layout-flow\">\n<p class=\"has-medium-font-size\">Algo(ritmos) da Educa\u00e7\u00e3o: entre curtos e longos&nbsp;circuitos<\/p>\n<\/blockquote>\n\n\n\n<div style=\"height:45px\" aria-hidden=\"true\" class=\"wp-block-spacer\"><\/div>\n\n\n\n<h2 class=\"wp-block-heading\">Oradores<\/h2>\n\n\n\n<div style=\"height:45px\" aria-hidden=\"true\" class=\"wp-block-spacer\"><\/div>\n\n\n\n<figure class=\"wp-block-gallery has-nested-images columns-default is-cropped wp-block-gallery-1 is-layout-flex wp-block-gallery-is-layout-flex\">\n<figure class=\"wp-block-image size-full\"><a href=\"https:\/\/eventos.esec.pt\/eipe2026\/wp-content\/uploads\/2026\/02\/Bio_Rui-Marques-Vieira.pdf\"><img loading=\"lazy\" decoding=\"async\" width=\"788\" height=\"788\" data-id=\"183\" src=\"https:\/\/eventos.esec.pt\/eipe2026\/wp-content\/uploads\/2026\/02\/ruivieira-100.jpg\" alt=\"\" class=\"wp-image-183\"\/><\/a><figcaption class=\"wp-element-caption\">Rui M. Vieira<\/figcaption><\/figure>\n\n\n\n<figure class=\"wp-block-image size-full\"><a href=\"https:\/\/eventos.esec.pt\/eipe2026\/wp-content\/uploads\/2026\/02\/Bio_Rui-Marques.pdf\"><img loading=\"lazy\" decoding=\"async\" width=\"788\" height=\"788\" data-id=\"182\" src=\"https:\/\/eventos.esec.pt\/eipe2026\/wp-content\/uploads\/2026\/02\/ruimarques-100.jpg\" alt=\"\" class=\"wp-image-182\"\/><\/a><figcaption class=\"wp-element-caption\">Rui Marques<\/figcaption><\/figure>\n\n\n\n<figure class=\"wp-block-image size-full\"><a href=\"https:\/\/eventos.esec.pt\/eipe2026\/wp-content\/uploads\/2026\/02\/Bio_Joao-Couvaneiro.pdf\"><img loading=\"lazy\" decoding=\"async\" width=\"788\" height=\"788\" data-id=\"181\" src=\"https:\/\/eventos.esec.pt\/eipe2026\/wp-content\/uploads\/2026\/02\/joao-couvaneiro-100.jpg\" alt=\"\" class=\"wp-image-181\"\/><\/a><figcaption class=\"wp-element-caption\">Jo\u00e3o Couvaneiro<\/figcaption><\/figure>\n<\/figure>\n\n\n\n<div style=\"height:45px\" aria-hidden=\"true\" class=\"wp-block-spacer\"><\/div>\n\n\n\n<h2 class=\"wp-block-heading\">Linhas Tem\u00e1ticas<\/h2>\n\n\n\n<ol class=\"wp-block-list has-medium-font-size\">\n<li>Algoritmos pedag\u00f3gicos e tomada de decis\u00e3o educativa: Curr\u00edculo, compet\u00eancias globais e abordagens interdisciplinares<\/li>\n\n\n\n<li>Curtos-circuitos da supervis\u00e3o pedag\u00f3gica: Intervis\u00e3o e desenvolvimento profissional colaborativo em ambientes educativos h\u00edbridos<\/li>\n\n\n\n<li>Longos circuitos da aprendizagem: Educa\u00e7\u00e3o para o desenvolvimento sustent\u00e1vel e cidadania global<\/li>\n\n\n\n<li>Circuitos algor\u00edtmicos: Did\u00e1tica e metodologias emergentes no ensino e na aprendizagem<\/li>\n\n\n\n<li>Algoritmos, afetividade e coaprendizagem: Intelig\u00eancia Artificial e educa\u00e7\u00e3o relacional<\/li>\n<\/ol>\n\n\n\n<div style=\"height:45px\" aria-hidden=\"true\" class=\"wp-block-spacer\"><\/div>\n\n\n\n<h2 class=\"wp-block-heading\">Objetivos<\/h2>\n\n\n\n<ul class=\"wp-block-list has-medium-font-size\">\n<li>Promover a partilha de pr\u00e1ticas e investiga\u00e7\u00f5es realizadas em diferentes contextos educativos.<\/li>\n\n\n\n<li>Proporcionar forma\u00e7\u00e3o relacionada com a tem\u00e1tica do Encontro.<\/li>\n\n\n\n<li>Perspetivar a reflex\u00e3o e a investiga\u00e7\u00e3o como caminhos para a transforma\u00e7\u00e3o das pr\u00e1ticas em Educa\u00e7\u00e3o.<\/li>\n<\/ul>\n\n\n\n<div style=\"height:45px\" aria-hidden=\"true\" class=\"wp-block-spacer\"><\/div>\n\n\n\n<h2 class=\"wp-block-heading\">Destinat\u00e1rios<\/h2>\n\n\n\n<ul class=\"wp-block-list has-medium-font-size\">\n<li>Estudantes dos cursos em Educa\u00e7\u00e3o B\u00e1sica e Mestrados em Educa\u00e7\u00e3o Pr\u00e9-Escolar e Ensino de 1\u00ba e 2\u00ba CEB e Mestrado em Ensino de L\u00edngua Gestual Portuguesa<\/li>\n\n\n\n<li>Educadoras\/es e Professoras\/es Cooperantes no \u00e2mbito dos protocolos da ESEC<\/li>\n\n\n\n<li>Estudantes e profissionais na \u00e1rea da Educa\u00e7\u00e3o (dos v\u00e1rios grupos de recrutamento)<\/li>\n\n\n\n<li>Outras\/os participantes interessadas\/os na tem\u00e1tica do Encontro<\/li>\n<\/ul>\n\n\n\n<div style=\"height:45px\" aria-hidden=\"true\" class=\"wp-block-spacer\"><\/div>\n\n\n\n<h2 class=\"wp-block-heading\">Datas Importantes<\/h2>\n\n\n\n<p class=\"has-medium-font-size\"><mark style=\"background-color:#ffffff\" class=\"has-inline-color\">\u2022 23\/02\/2026: submiss\u00e3o de resumos<\/mark><br><mark style=\"background-color:#ffffff\" class=\"has-inline-color\"><s>\u2022 16\/02\/2026: submiss\u00e3o de resumos<\/s><\/mark><br><mark style=\"background-color:#eed3dc\" class=\"has-inline-color\">\u2022 16\/03\/2026: notifica\u00e7\u00e3o aos autores<\/mark><br>\u2022 27\/03\/2026: submiss\u00e3o da vers\u00e3o revista dos resumos<\/p>\n\n\n\n<p class=\"has-medium-font-size\"><strong>NOTA<\/strong>: Est\u00e1 prevista a publica\u00e7\u00e3o dos textos que venham a ser posteriormente submetidos, atrav\u00e9s da editora da ESEC.<\/p>\n\n\n\n<div style=\"height:45px\" aria-hidden=\"true\" class=\"wp-block-spacer\"><\/div>\n","protected":false},"excerpt":{"rendered":"<p>O&nbsp;EIPE \u2013 Encontro de Investiga\u00e7\u00e3o e Pr\u00e1ticas em Educa\u00e7\u00e3o&nbsp;\u00e9 um Encontro de reflex\u00e3o no \u00e2mbito da forma\u00e7\u00e3o e investiga\u00e7\u00e3o em diferentes contextos de Educa\u00e7\u00e3o de Inf\u00e2ncia, Ensino dos 1.\u00ba e 2.\u00ba CEB e Ensino de L\u00edngua Gestual Portuguesa. Constitui uma oportunidade para a divulga\u00e7\u00e3o e partilha de experi\u00eancias pedag\u00f3gicas e a dinamiza\u00e7\u00e3o de oficinas de [&hellip;]<\/p>\n","protected":false},"author":1,"featured_media":0,"parent":0,"menu_order":0,"comment_status":"closed","ping_status":"open","template":"","meta":{"footnotes":""},"class_list":["post-2","page","type-page","status-publish","hentry"],"_links":{"self":[{"href":"https:\/\/eventos.esec.pt\/eipe2026\/wp-json\/wp\/v2\/pages\/2","targetHints":{"allow":["GET"]}}],"collection":[{"href":"https:\/\/eventos.esec.pt\/eipe2026\/wp-json\/wp\/v2\/pages"}],"about":[{"href":"https:\/\/eventos.esec.pt\/eipe2026\/wp-json\/wp\/v2\/types\/page"}],"author":[{"embeddable":true,"href":"https:\/\/eventos.esec.pt\/eipe2026\/wp-json\/wp\/v2\/users\/1"}],"replies":[{"embeddable":true,"href":"https:\/\/eventos.esec.pt\/eipe2026\/wp-json\/wp\/v2\/comments?post=2"}],"version-history":[{"count":28,"href":"https:\/\/eventos.esec.pt\/eipe2026\/wp-json\/wp\/v2\/pages\/2\/revisions"}],"predecessor-version":[{"id":225,"href":"https:\/\/eventos.esec.pt\/eipe2026\/wp-json\/wp\/v2\/pages\/2\/revisions\/225"}],"wp:attachment":[{"href":"https:\/\/eventos.esec.pt\/eipe2026\/wp-json\/wp\/v2\/media?parent=2"}],"curies":[{"name":"wp","href":"https:\/\/api.w.org\/{rel}","templated":true}]}}