{"id":71,"date":"2024-01-04T10:59:33","date_gmt":"2024-01-04T10:59:33","guid":{"rendered":"https:\/\/eventos.esec.pt\/eipe2024\/?page_id=71"},"modified":"2024-05-28T16:40:35","modified_gmt":"2024-05-28T16:40:35","slug":"submissoes","status":"publish","type":"page","link":"https:\/\/eventos.esec.pt\/eipe2024\/submissoes\/","title":{"rendered":"Submiss\u00f5es"},"content":{"rendered":"\n<p><strong>Datas Importantes<\/strong><\/p>\n\n\n\n<ul class=\"wp-block-list\">\n<li>02\/02\/2024: submiss\u00e3o de resumos<\/li>\n\n\n\n<li>11\/03\/2024: notifica\u00e7\u00e3o aos autores<\/li>\n\n\n\n<li>25\/03\/2024: submiss\u00e3o da vers\u00e3o revista dos resumos<\/li>\n\n\n\n<li><mark style=\"background-color:#abb8c3\" class=\"has-inline-color has-white-color\">Nova data 05\/06\/2024<\/mark><mark style=\"background-color:#abb8c3\" class=\"has-inline-color\"> <\/mark><mark style=\"background-color:#ffffff\" class=\"has-inline-color has-black-color\"> <\/mark><s><mark style=\"background-color:#ffffff\" class=\"has-inline-color has-cyan-bluish-gray-color\">27\/05\/2024<\/mark><\/s><mark style=\"background-color:#abb8c3\" class=\"has-inline-color has-white-color\">: submiss\u00e3o dos textos (<a href=\"https:\/\/eventos.esec.pt\/eipe2024\/wp-content\/uploads\/2024\/05\/EIPE8_texto_Apelidos-Template-1.docx\">Template texto<\/a>) <\/mark><\/li>\n\n\n\n<li>08\/07\/2024: notifica\u00e7\u00e3o aos autores da aceita\u00e7\u00e3o dos textos<\/li>\n\n\n\n<li>22\/07\/2024: submiss\u00e3o da vers\u00e3o revista dos textos<\/li>\n\n\n\n<li>outubro\/novembro de 2024: edi\u00e7\u00e3o do livro do EIPE 2024<\/li>\n<\/ul>\n\n\n\n<h2 class=\"wp-block-heading\">Submiss\u00f5es<\/h2>\n\n\n\n<p><strong>Processo de submiss\u00e3o<\/strong><\/p>\n\n\n\n<p>As sess\u00f5es paralelas decorrem com a apresenta\u00e7\u00e3o de comunica\u00e7\u00f5es orais\/relatos de pr\u00e1tica, p\u00f3steres e workshops dentro do \u00e2mbito EIPE 2024.<\/p>\n\n\n\n<p>A submiss\u00e3o de trabalhos ser\u00e1 realizada em duas fases:<\/p>\n\n\n\n<ul class=\"wp-block-list\">\n<li>Submiss\u00e3o do resumo, at\u00e9 02\/02\/2024<\/li>\n\n\n\n<li>Submiss\u00e3o do texto (cap\u00edtulo de livro), at\u00e9 27\/05\/2024. Os textos submetidos ser\u00e3o sujeitos a dupla revis\u00e3o cega por pares. Cada um dos textos selecionados constituir\u00e1 cap\u00edtulo de livro que ser\u00e1 publicado no \u00faltimo trimestre de 2024, em formato eletr\u00f3nico, com ISBN.<\/li>\n<\/ul>\n\n\n\n<p>Nota: Cada autor\/coautor poder\u00e1, no m\u00e1ximo, efetuar 3 submiss\u00f5es para o EIPE 2024<\/p>\n\n\n\n<p><strong>Submiss\u00e3o dos resumos<\/strong><\/p>\n\n\n\n<p>Os resumos das propostas (para comunica\u00e7\u00e3o oral\/relatos de pr\u00e1tica, p\u00f3steres e de workshops) s\u00e3o submetidos em portugu\u00eas. Os resumos s\u00e3o limitados a 1500 carateres, incluindo espa\u00e7os, sem refer\u00eancias bibliogr\u00e1ficas. Devem incluir (de acordo com a respetiva modalidade):<\/p>\n\n\n\n<ol class=\"wp-block-list\">\n<li>Modalidade de comunica\u00e7\u00e3o oral (CO), relato de pr\u00e1tica (RP) ou p\u00f3ster (P):<br>\u2022 t\u00edtulo (s\u00f3 a primeira palavra iniciada com mai\u00fascula),<br>\u2022 prop\u00f3sito do estudo,<br>\u2022 m\u00e9todos de pesquisa\/metodologia (se aplic\u00e1vel),<br>\u2022 resultados (se aplic\u00e1vel),<br>\u2022 conclus\u00f5es.<\/li>\n\n\n\n<li>Modalidade de workshop (Modalidade W)<br>\u2022 t\u00edtulo (s\u00f3 a primeira palavra iniciada com mai\u00fascula),<br>\u2022 enquadramento e objetivos do mesmo.<\/li>\n<\/ol>\n\n\n\n<p>Os resumos devem seguir, obrigatoriamente, as normas de formata\u00e7\u00e3o do <a href=\"https:\/\/eventos.esec.pt\/eipe2024\/wp-content\/uploads\/2024\/01\/EIPE8_resumo_Modalidade_Apelidos-template.docx\" data-type=\"link\" data-id=\"https:\/\/eventos.esec.pt\/eipe2024\/wp-content\/uploads\/2024\/01\/EIPE8_resumo_Modalidade_Apelidos-template.docx\">template<\/a>. O modelo deve ser descarregado e deve ser usado para trabalhar diretamente sobre o ficheiro.<\/p>\n\n\n\n<p>A submiss\u00e3o de resumos deve ser feita at\u00e9 02\/02\/2024, atrav\u00e9s do <a href=\"https:\/\/docs.google.com\/forms\/d\/e\/1FAIpQLSfnAH-nGwQpkQEm0AeQV8PNJe8EnqRqdS_-Qk4L3Rwb5HhtLg\/viewform\">formul\u00e1rio<\/a>. O nome do documento submetido dever\u00e1 ter o formato EIPE8_resumo_Modalidade_apelido(s).docx (Word) Exemplo: EIPE8_resumo_w_xxxxxxx. docx<\/p>\n\n\n\n<p><strong>Submiss\u00e3o de Textos<\/strong><\/p>\n\n\n\n<div class=\"wp-block-file\"><a id=\"wp-block-file--media-a91a423b-3c8d-42d9-9a7f-aae84b53a777\" href=\"https:\/\/eventos.esec.pt\/eipe2024\/wp-content\/uploads\/2024\/05\/EIPE8_texto_Apelidos-Template.docx\">Template texto<\/a><a href=\"https:\/\/eventos.esec.pt\/eipe2024\/wp-content\/uploads\/2024\/05\/EIPE8_texto_Apelidos-Template.docx\" class=\"wp-block-file__button wp-element-button\" download aria-describedby=\"wp-block-file--media-a91a423b-3c8d-42d9-9a7f-aae84b53a777\">Descarregar<\/a><\/div>\n\n\n\n<p>Os autores e\/ou co autores cujos resumos foram aceites e apresentados poder\u00e3o submeter artigo. As submiss\u00f5es devem ser textos in\u00e9ditos, n\u00e3o editados ou apresentados em quaisquer outras publica\u00e7\u00f5es. Os textos devem ser submetidos em portugu\u00eas. Os textos s\u00e3o limitados a 30 000 carateres, incluindo espa\u00e7os e excluindo: t\u00edtulo, afilia\u00e7\u00e3o e contacto, resumo e palavras-chave. Os textos devem seguir, obrigatoriamente, as normas de formata\u00e7\u00e3o do template (EIPE8_txt_Apelido(s) template.docx (Word)).<\/p>\n\n\n\n<p>O modelo deve ser descarregado e deve ser usado para trabalhar diretamente sobre o ficheiro. No caso destas normas n\u00e3o serem respeitadas, os textos n\u00e3o ser\u00e3o publicados.<\/p>\n\n\n\n<p>A submiss\u00e3o dos textos (cap\u00edtulo de livro) deve ser feita at\u00e9 27\/05\/2024 atrav\u00e9s do email eipe@esec.pt<\/p>\n\n\n\n<p><strong>NOTA IMPORTANTE:<\/strong><\/p>\n\n\n\n<p>Os trabalhos submetidos ser\u00e3o sujeitos a uma avalia\u00e7\u00e3o por especialistas da Comiss\u00e3o Cient\u00edfica do EIPE 2024. Nesta avalia\u00e7\u00e3o ter-se-\u00e1 em considera\u00e7\u00e3o:<\/p>\n\n\n\n<ol class=\"wp-block-list\">\n<li>Propostas de resumo para comunica\u00e7\u00e3o oral, relatos de pr\u00e1tica\/p\u00f3steres ou workshop:<br>i) Pertin\u00eancia da proposta em rela\u00e7\u00e3o \u00e0 tem\u00e1tica do Encontro<br>ii) Qualidade cient\u00edfica e contributos do trabalho<br>iii) Respeito das normas de reda\u00e7\u00e3o<\/li>\n\n\n\n<li>Propostas de artigo:<br>i) Identifica\u00e7\u00e3o e clareza do problema\/objetivo do estudo.<br>ii) Pertin\u00eancia, adequa\u00e7\u00e3o e atualidade da fundamenta\u00e7\u00e3o te\u00f3rica.<br>iii) Adequa\u00e7\u00e3o e fundamenta\u00e7\u00e3o da metodologia de investiga\u00e7\u00e3o.<br>iv) Pertin\u00eancia e sustenta\u00e7\u00e3o dos resultados.<br>v) Articula\u00e7\u00e3o, consist\u00eancia e fundamenta\u00e7\u00e3o das conclus\u00f5es.<br>vi) Utiliza\u00e7\u00e3o das normas APA (7\u00aa Ed.) nas refer\u00eancias.<br>vii) Clareza, organiza\u00e7\u00e3o e estrutura do texto.<br>viii) Consist\u00eancia relativamente \u00e0s normas definidas para a formata\u00e7\u00e3o do texto.<\/li>\n<\/ol>\n\n\n\n<p><strong>Nota<\/strong>: O autor que ir\u00e1 apresentar a comunica\u00e7\u00e3o\/p\u00f3ster\/relato\/workshop ter\u00e1 obrigatoriamente de estar inscrito no evento.<\/p>\n","protected":false},"excerpt":{"rendered":"<p>Datas Importantes Submiss\u00f5es Processo de submiss\u00e3o As sess\u00f5es paralelas decorrem com a apresenta\u00e7\u00e3o de comunica\u00e7\u00f5es orais\/relatos de pr\u00e1tica, p\u00f3steres e workshops dentro do \u00e2mbito EIPE&hellip;<\/p>\n","protected":false},"author":3,"featured_media":0,"parent":0,"menu_order":0,"comment_status":"closed","ping_status":"closed","template":"","meta":{"footnotes":""},"class_list":["post-71","page","type-page","status-publish","hentry"],"_links":{"self":[{"href":"https:\/\/eventos.esec.pt\/eipe2024\/wp-json\/wp\/v2\/pages\/71","targetHints":{"allow":["GET"]}}],"collection":[{"href":"https:\/\/eventos.esec.pt\/eipe2024\/wp-json\/wp\/v2\/pages"}],"about":[{"href":"https:\/\/eventos.esec.pt\/eipe2024\/wp-json\/wp\/v2\/types\/page"}],"author":[{"embeddable":true,"href":"https:\/\/eventos.esec.pt\/eipe2024\/wp-json\/wp\/v2\/users\/3"}],"replies":[{"embeddable":true,"href":"https:\/\/eventos.esec.pt\/eipe2024\/wp-json\/wp\/v2\/comments?post=71"}],"version-history":[{"count":12,"href":"https:\/\/eventos.esec.pt\/eipe2024\/wp-json\/wp\/v2\/pages\/71\/revisions"}],"predecessor-version":[{"id":303,"href":"https:\/\/eventos.esec.pt\/eipe2024\/wp-json\/wp\/v2\/pages\/71\/revisions\/303"}],"wp:attachment":[{"href":"https:\/\/eventos.esec.pt\/eipe2024\/wp-json\/wp\/v2\/media?parent=71"}],"curies":[{"name":"wp","href":"https:\/\/api.w.org\/{rel}","templated":true}]}}