{"id":262,"date":"2024-04-16T14:55:04","date_gmt":"2024-04-16T14:55:04","guid":{"rendered":"https:\/\/eventos.esec.pt\/eipe2024\/?page_id=262"},"modified":"2025-04-30T09:33:19","modified_gmt":"2025-04-30T09:33:19","slug":"publicacoes-2","status":"publish","type":"page","link":"https:\/\/eventos.esec.pt\/eipe2024\/publicacoes-2\/","title":{"rendered":"Publica\u00e7\u00f5es"},"content":{"rendered":"\n<div data-wp-interactive=\"core\/file\" class=\"wp-block-file\"><object data-wp-bind--hidden=\"!state.hasPdfPreview\" hidden class=\"wp-block-file__embed\" data=\"https:\/\/eventos.esec.pt\/eipe2024\/wp-content\/uploads\/2025\/04\/final-EIPE2024_publicacao.pdf\" type=\"application\/pdf\" style=\"width:100%;height:649px\" aria-label=\"Incorpora\u00e7\u00e3o de E-book - Contextos Transformadores em Educa\u00e7\u00e3o: Vis\u00f5es Partilhadas .\"><\/object><a id=\"wp-block-file--media-74fab979-ffd5-4849-a70b-dcc4cc81ec38\" href=\"https:\/\/eventos.esec.pt\/eipe2024\/wp-content\/uploads\/2025\/04\/final-EIPE2024_publicacao.pdf\">E-book &#8211; Contextos Transformadores em Educa\u00e7\u00e3o: Vis\u00f5es Partilhadas <\/a><a href=\"https:\/\/eventos.esec.pt\/eipe2024\/wp-content\/uploads\/2025\/04\/final-EIPE2024_publicacao.pdf\" class=\"wp-block-file__button wp-element-button\" download aria-describedby=\"wp-block-file--media-74fab979-ffd5-4849-a70b-dcc4cc81ec38\">Descarregar<\/a><\/div>\n\n\n\n<hr class=\"wp-block-separator has-alpha-channel-opacity\"\/>\n\n\n\n<div data-wp-interactive=\"core\/file\" class=\"wp-block-file\"><object data-wp-bind--hidden=\"!state.hasPdfPreview\" hidden class=\"wp-block-file__embed\" data=\"https:\/\/eventos.esec.pt\/eipe2024\/wp-content\/uploads\/2024\/04\/Livro-de-Resumos-Eipe-2024.pdf\" type=\"application\/pdf\" style=\"width:100%;height:600px\" aria-label=\"Incorpora\u00e7\u00e3o de Livro de Resumos EIPE 2024.\"><\/object><a id=\"wp-block-file--media-7bff5f8f-d297-481f-8ce4-1b4858066381\" href=\"https:\/\/eventos.esec.pt\/eipe2024\/wp-content\/uploads\/2024\/04\/Livro-de-Resumos-Eipe-2024.pdf\">Livro de Resumos EIPE 2024<\/a><a href=\"https:\/\/eventos.esec.pt\/eipe2024\/wp-content\/uploads\/2024\/04\/Livro-de-Resumos-Eipe-2024.pdf\" class=\"wp-block-file__button wp-element-button\" download aria-describedby=\"wp-block-file--media-7bff5f8f-d297-481f-8ce4-1b4858066381\">Descarregar<\/a><\/div>\n","protected":false},"excerpt":{"rendered":"","protected":false},"author":2,"featured_media":0,"parent":0,"menu_order":0,"comment_status":"closed","ping_status":"closed","template":"","meta":{"footnotes":""},"class_list":["post-262","page","type-page","status-publish","hentry"],"_links":{"self":[{"href":"https:\/\/eventos.esec.pt\/eipe2024\/wp-json\/wp\/v2\/pages\/262","targetHints":{"allow":["GET"]}}],"collection":[{"href":"https:\/\/eventos.esec.pt\/eipe2024\/wp-json\/wp\/v2\/pages"}],"about":[{"href":"https:\/\/eventos.esec.pt\/eipe2024\/wp-json\/wp\/v2\/types\/page"}],"author":[{"embeddable":true,"href":"https:\/\/eventos.esec.pt\/eipe2024\/wp-json\/wp\/v2\/users\/2"}],"replies":[{"embeddable":true,"href":"https:\/\/eventos.esec.pt\/eipe2024\/wp-json\/wp\/v2\/comments?post=262"}],"version-history":[{"count":3,"href":"https:\/\/eventos.esec.pt\/eipe2024\/wp-json\/wp\/v2\/pages\/262\/revisions"}],"predecessor-version":[{"id":311,"href":"https:\/\/eventos.esec.pt\/eipe2024\/wp-json\/wp\/v2\/pages\/262\/revisions\/311"}],"wp:attachment":[{"href":"https:\/\/eventos.esec.pt\/eipe2024\/wp-json\/wp\/v2\/media?parent=262"}],"curies":[{"name":"wp","href":"https:\/\/api.w.org\/{rel}","templated":true}]}}