{"id":34,"date":"2023-01-24T18:25:15","date_gmt":"2023-01-24T18:25:15","guid":{"rendered":"https:\/\/eventos.esec.pt\/eipe2023\/?page_id=34"},"modified":"2023-04-17T16:33:17","modified_gmt":"2023-04-17T16:33:17","slug":"inscricoes","status":"publish","type":"page","link":"https:\/\/eventos.esec.pt\/eipe2023\/index.php\/inscricoes\/","title":{"rendered":"Inscri\u00e7\u00f5es"},"content":{"rendered":"\n<h3 class=\"wp-block-heading\">Workshops paralelos<\/h3>\n\n\n\n<p>(inscri\u00e7\u00f5es ser\u00e3o abertas at\u00e9 ao final do dia de hoje, 17 de abril 2023)<\/p>\n\n\n\n<p><strong>Workshops paralelos I<\/strong><\/p>\n\n\n\n<p>(Sexta-feira, dia 21, 17h15\u201319h15)<\/p>\n\n\n\n<figure class=\"wp-block-table\"><table><tbody><tr><td>Sala<\/td><td>T\u00edtulo<\/td><td>Autores<\/td><\/tr><tr><td>Sala 2<\/td><td><a href=\"https:\/\/machform.esec.pt\/view.php?id=167074\" target=\"_blank\" rel=\"noreferrer noopener\">Matem\u00e1tica ao contar: literatura para a inf\u00e2ncia como um meio para repres<\/a><a href=\"https:\/\/machform.esec.pt\/view.php?id=167074\">entar<\/a><\/td><td>Ana Filipa Cram\u00eas, Joana Ventura, Liliana Barbosa, Mafalda Roque, Mariana Rodrigues<\/td><\/tr><tr><td>Sala 6<\/td><td><a href=\"https:\/\/machform.esec.pt\/view.php?id=167689\" target=\"_blank\" rel=\"noreferrer noopener\">A plataforma EKT como instrumento promotor de pr\u00e1ticas reflexivas nos contextos de est\u00e1gio da forma\u00e7\u00e3o inicial de professores<\/a><\/td><td>Jos\u00e9 Ant\u00f3nio Carvalho, Maria Jo\u00e3o Vaz<\/td><\/tr><tr><td>Sala 18<\/td><td><a href=\"https:\/\/machform.esec.pt\/view.php?id=168079\" target=\"_blank\" rel=\"noreferrer noopener\">Voar de perto &#8211; uma viagem pela imagina\u00e7\u00e3o<\/a><\/td><td>Ana Pereira, Ana S\u00e1, Ana Mendes, Daniela Silva<\/td><\/tr><tr><td>Gin\u00e1sio<\/td><td><a href=\"https:\/\/machform.esec.pt\/view.php?id=168258\" target=\"_blank\" rel=\"noreferrer noopener\">Vamos dan\u00e7ar, vamos experienciar e pensar: as aprendizagens essenciais no ensino b\u00e1sico<\/a><\/td><td>Ana Silva Marques<\/td><\/tr><tr><td>Sala de M\u00fasica<\/td><td><a href=\"https:\/\/machform.esec.pt\/view.php?id=168525\" target=\"_blank\" rel=\"noreferrer noopener\">A Paisagem Sonora e a abordagem n\u00e3o-verbal na M\u00fasica para a Primeira Inf\u00e2ncia<\/a><\/td><td>Diogo Gomes<\/td><\/tr><\/tbody><\/table><\/figure>\n\n\n\n<p><strong>Workshops paralelos I<\/strong>I<\/p>\n\n\n\n<p>(S\u00e1bado, dia 22, 9h00-11h00)<\/p>\n\n\n\n<figure class=\"wp-block-table\"><table><tbody><tr><td>Sala<\/td><td>T\u00edtulo<\/td><td>Autores<\/td><\/tr><tr><td>Sala de M\u00fasica<\/td><td><a href=\"https:\/\/machform.esec.pt\/view.php?id=168655\" target=\"_blank\" rel=\"noreferrer noopener\">Muro \u00e0 la minuta \u2013 oficina para uma experi\u00eancia liminar<\/a><\/td><td>Adriana Campos<\/td><\/tr><tr><td>Gin\u00e1sio<\/td><td><a href=\"https:\/\/machform.esec.pt\/view.php?id=168905\" target=\"_blank\" rel=\"noreferrer noopener\">Trabalhar a interdisciplinaridade nas aulas de Educa\u00e7\u00e3o F\u00edsica no 1.\u00ba CEB<\/a><\/td><td>Rita Pereira, Pedro Mendes, Cristina Rebelo Leandro<\/td><\/tr><tr><td>Sala 2<\/td><td><a href=\"https:\/\/machform.esec.pt\/view.php?id=169537\" target=\"_blank\" rel=\"noreferrer noopener\">AMarA Dan\u00e7a \u2013 seis contos para o movimento<\/a><\/td><td>Ana Caridade, Paula Lebre, Elisabete Monteiro, Eduarda Gomes<\/td><\/tr><tr><td>Sala 6<\/td><td><a href=\"https:\/\/machform.esec.pt\/view.php?id=169741\" target=\"_blank\" rel=\"noreferrer noopener\">Gest\u00e3o cooperativa da aprendizagem: Pr\u00e1ticas de diferencia\u00e7\u00e3o pedag\u00f3gica na sala de aula<\/a><\/td><td>Jos\u00e9 Pedro Cerdeira<\/td><\/tr><tr><td>Sala 17<\/td><td><a href=\"https:\/\/machform.esec.pt\/view.php?id=170331\" target=\"_blank\" rel=\"noreferrer noopener\">Modos de concretizar as express\u00f5es pl\u00e1stica e dram\u00e1tica no 1\u00ba Ciclo do Ensino B\u00e1sico<\/a><\/td><td>Raquel Mateus, Maria Isabel Festas<\/td><\/tr><\/tbody><\/table><\/figure>\n\n\n\n<h3 class=\"wp-block-heading\">Jantar Social do VII EIPE <\/h3>\n\n\n\n<p>21 de abril de 2023 | 20h00 | <a rel=\"noreferrer noopener\" href=\"https:\/\/goo.gl\/maps\/YAjxbLJGokvqbT7T6\" target=\"_blank\">Restaurante Dona Elvira<\/a><br>Valor | 15\u20ac\/pessoa<\/p>\n\n\n\n<p>\u00bb <a href=\"https:\/\/machform.esec.pt\/view.php?id=166526\">Inscri\u00e7\u00e3o no Jantar Social<\/a><\/p>\n\n\n\n<p><\/p>\n\n\n\n<h3 class=\"wp-block-heading\">Inscri\u00e7\u00e3o at\u00e9 6 de abril<\/h3>\n\n\n\n<p>(inscri\u00e7\u00f5es 1.\u00aa fase j\u00e1 fechadas)<\/p>\n\n\n\n<figure class=\"wp-block-image size-full is-resized\"><img loading=\"lazy\" decoding=\"async\" src=\"https:\/\/eventos.esec.pt\/eipe2023\/wp-content\/uploads\/2023\/02\/button.jpg\" alt=\"\" class=\"wp-image-169\" width=\"165\" height=\"42\"\/><\/figure>\n\n\n\n<ul class=\"wp-block-list\">\n<li><strong>Estudantes da ESEC<\/strong>&nbsp;| 5 euros (certificado e pasta com documenta\u00e7\u00e3o do evento) | gratuito (sem certificado e sem pasta com documenta\u00e7\u00e3o do evento)<\/li>\n\n\n\n<li><strong>Professores Cooperantes da ESEC e Comunidade da ESEC (diplomados, funcion\u00e1rios e docentes)<\/strong>&nbsp;| 10 euros (certificado e pasta com documenta\u00e7\u00e3o do evento) | gratuito (sem certificado e sem pasta com documenta\u00e7\u00e3o do evento)<\/li>\n\n\n\n<li><strong>Professores Cooperantes da ESEC e Comunidade da ESEC (diplomados, funcion\u00e1rios e docentes)<\/strong>&nbsp;| 15 euros (<strong><span style=\"text-decoration: underline;\">certificado com acredita\u00e7\u00e3o<\/span><\/strong> e pasta com documenta\u00e7\u00e3o do evento)<\/li>\n\n\n\n<li><strong>Outros participantes<\/strong>&nbsp;| 20 euros (inclui certificado e pasta com documenta\u00e7\u00e3o do evento)<\/li>\n\n\n\n<li><strong>Outros participantes<\/strong>&nbsp;| 20 euros (inclui <strong><span style=\"text-decoration: underline;\">certificado com acredita\u00e7\u00e3o<\/span><\/strong> e pasta com documenta\u00e7\u00e3o do evento)<\/li>\n<\/ul>\n\n\n\n<h3 class=\"wp-block-heading\">Inscri\u00e7\u00e3o de 7 a 14 de abril (inscri\u00e7\u00e3o com agravamento do pre\u00e7o)<\/h3>\n\n\n\n<figure class=\"wp-block-image size-full is-resized\"><a href=\"https:\/\/machform.esec.pt\/view.php?id=163065\" target=\"_blank\" rel=\"noreferrer noopener\"><img loading=\"lazy\" decoding=\"async\" src=\"https:\/\/eventos.esec.pt\/eipe2023\/wp-content\/uploads\/2023\/02\/button.jpg\" alt=\"\" class=\"wp-image-169\" width=\"165\" height=\"42\"\/><\/a><\/figure>\n\n\n\n<ul class=\"wp-block-list\">\n<li><strong>Estudantes da ESEC<\/strong>&nbsp;| 10 euros (certificado e pasta com documenta\u00e7\u00e3o do evento)<\/li>\n\n\n\n<li><strong>Professores Cooperantes da ESEC e Comunidade da ESEC (diplomados, funcion\u00e1rios e docentes)<\/strong>&nbsp;| 20 euros (certificado e pasta com documenta\u00e7\u00e3o do evento)<\/li>\n\n\n\n<li><strong>Outros participantes<\/strong>&nbsp;| 30 euros (inclui certificado e pasta com documenta\u00e7\u00e3o do evento)<\/li>\n<\/ul>\n\n\n\n<hr class=\"wp-block-separator has-alpha-channel-opacity\"\/>\n\n\n\n<h3 class=\"wp-block-heading\">Certificado com Acredita\u00e7\u00e3o<\/h3>\n\n\n\n<p>Caso seja eleg\u00edvel e pretenda certificado de <a href=\"https:\/\/eventos.esec.pt\/eipe2023\/index.php\/acreditacao\/\">Acredita\u00e7\u00e3o<\/a> pelo Conselho Cient\u00edfico-Pedag\u00f3gico da Forma\u00e7\u00e3o Cont\u00ednua (CCPFC), dever\u00e1, quando solicitados, preencher os dados necess\u00e1rio para emiss\u00e3o do certificado.<\/p>\n\n\n\n<p><strong>Acredita\u00e7\u00e3o<\/strong><\/p>\n\n\n\n<p>O&nbsp;<strong>EIPE \u2013 Encontro de Investiga\u00e7\u00e3o e Pr\u00e1ticas em Educa\u00e7\u00e3o<\/strong>&nbsp;encontra-se em fase de&nbsp;<strong>acredita\u00e7\u00e3o<\/strong>&nbsp;pelo Conselho Cient\u00edfico-Pedag\u00f3gico da Forma\u00e7\u00e3o Cont\u00ednua (CCPFC)<s><\/s><\/p>\n\n\n\n<p class=\"has-small-font-size\">NOTA 1: Todos os participantes ter\u00e3o de se inscrever obrigatoriamente no evento, mesmo n\u00e3o querendo certificado e pasta com documenta\u00e7\u00e3o do evento.<\/p>\n\n\n\n<p class=\"has-small-font-size\">NOTA 2: O cancelamento de inscri\u00e7\u00f5es implica a perda total do valor da taxa de inscri\u00e7\u00e3o, n\u00e3o havendo lugar a reembolsos.<\/p>\n\n\n\n<p class=\"has-small-font-size\">NOTA 3: Caso pretenda participar em 1 workshop, dever\u00e1 inscrever-se tamb\u00e9m nos links mais abaixo, ap\u00f3s a sua inscri\u00e7\u00e3o no evento.<\/p>\n\n\n\n<p class=\"has-small-font-size\">NOTA 3: Os certificados de comunica\u00e7\u00e3o ser\u00e3o entregues por comunica\u00e7\u00e3o apresentada e discutida no Encontro&nbsp;<strong>apenas<\/strong>&nbsp;aos autores inscritos no evento.<\/p>\n","protected":false},"excerpt":{"rendered":"<p>Workshops paralelos (inscri\u00e7\u00f5es ser\u00e3o abertas at\u00e9 ao final do dia de hoje, 17 de abril 2023) Workshops paralelos I (Sexta-feira, dia 21, 17h15\u201319h15) Sala T\u00edtulo&hellip;<\/p>\n","protected":false},"author":1,"featured_media":0,"parent":0,"menu_order":0,"comment_status":"closed","ping_status":"closed","template":"","meta":{"footnotes":""},"class_list":["post-34","page","type-page","status-publish","hentry"],"_links":{"self":[{"href":"https:\/\/eventos.esec.pt\/eipe2023\/index.php\/wp-json\/wp\/v2\/pages\/34","targetHints":{"allow":["GET"]}}],"collection":[{"href":"https:\/\/eventos.esec.pt\/eipe2023\/index.php\/wp-json\/wp\/v2\/pages"}],"about":[{"href":"https:\/\/eventos.esec.pt\/eipe2023\/index.php\/wp-json\/wp\/v2\/types\/page"}],"author":[{"embeddable":true,"href":"https:\/\/eventos.esec.pt\/eipe2023\/index.php\/wp-json\/wp\/v2\/users\/1"}],"replies":[{"embeddable":true,"href":"https:\/\/eventos.esec.pt\/eipe2023\/index.php\/wp-json\/wp\/v2\/comments?post=34"}],"version-history":[{"count":36,"href":"https:\/\/eventos.esec.pt\/eipe2023\/index.php\/wp-json\/wp\/v2\/pages\/34\/revisions"}],"predecessor-version":[{"id":289,"href":"https:\/\/eventos.esec.pt\/eipe2023\/index.php\/wp-json\/wp\/v2\/pages\/34\/revisions\/289"}],"wp:attachment":[{"href":"https:\/\/eventos.esec.pt\/eipe2023\/index.php\/wp-json\/wp\/v2\/media?parent=34"}],"curies":[{"name":"wp","href":"https:\/\/api.w.org\/{rel}","templated":true}]}}