{"id":32,"date":"2023-01-24T18:24:49","date_gmt":"2023-01-24T18:24:49","guid":{"rendered":"https:\/\/eventos.esec.pt\/eipe2023\/?page_id=32"},"modified":"2023-06-09T19:36:07","modified_gmt":"2023-06-09T19:36:07","slug":"submissoes","status":"publish","type":"page","link":"https:\/\/eventos.esec.pt\/eipe2023\/index.php\/submissoes\/","title":{"rendered":"Submiss\u00f5es"},"content":{"rendered":"\n<h3 class=\"wp-block-heading\">Processo de submiss\u00e3o<\/h3>\n\n\n\n<p>As sess\u00f5es paralelas decorrem com a apresenta\u00e7\u00e3o de comunica\u00e7\u00f5es orais, relatos de pr\u00e1tica\/p\u00f3steres e workshops dentro do \u00e2mbito EIPE 2023.<\/p>\n\n\n\n<p>A submiss\u00e3o de trabalhos ser\u00e1 realizada em duas fases:<\/p>\n\n\n\n<ul class=\"wp-block-list\">\n<li>Submiss\u00e3o do resumo, at\u00e9 23\/02\/2023<\/li>\n\n\n\n<li>Submiss\u00e3o do texto (cap\u00edtulo de livro), at\u00e9 <s>11\/06\/2023<\/s> <strong>25\/06\/2023 <\/strong>(prazo prorrogado). Os textos submetidos ser\u00e3o sujeitos a dupla revis\u00e3o cega por pares. Cada um dos textos selecionados constituir\u00e1 cap\u00edtulo de livro que ser\u00e1 publicado no \u00faltimo trimestre de 2023, em formato eletr\u00f3nico, com ISBN.<\/li>\n<\/ul>\n\n\n\n<p>Nota: Cada autor\/coautor poder\u00e1, no m\u00e1ximo, efetuar 3 submiss\u00f5es para o EIPE 2023<\/p>\n\n\n\n<h3 class=\"wp-block-heading\">Submiss\u00e3o dos resumos<\/h3>\n\n\n\n<p>Os resumos das propostas (para comunica\u00e7\u00e3o oral, relatos de pr\u00e1tica\/p\u00f3steres e de workshops) s\u00e3o submetidos em portugu\u00eas. Os resumos s\u00e3o limitados a 1500 carateres, incluindo espa\u00e7os, sem refer\u00eancias bibliogr\u00e1ficas. Devem incluir (de acordo com a respetiva modalidade):<\/p>\n\n\n\n<ol class=\"wp-block-list\">\n<li><strong>Modalidade de comunica\u00e7\u00e3o oral (Modalidade CO):<br><\/strong>\u2022 t\u00edtulo (s\u00f3 a primeira palavra iniciada com mai\u00fascula),<br>\u2022 prop\u00f3sito do estudo,<br>\u2022 m\u00e9todos de pesquisa\/metodologia (se aplic\u00e1vel),<br>\u2022 resultados (se aplic\u00e1vel),<br>\u2022 conclus\u00f5es.<\/li>\n\n\n\n<li><strong>Modalidade de relato de pr\u00e1tica\/p\u00f3ster (Modalidade RP)<br><\/strong>\u2022 t\u00edtulo (s\u00f3 a primeira palavra iniciada com mai\u00fascula),<br>\u2022 prop\u00f3sito do estudo,<br>\u2022 m\u00e9todos de pesquisa\/metodologia (se aplic\u00e1vel),<br>\u2022 resultados (se aplic\u00e1vel),<br>\u2022 conclus\u00f5es.<\/li>\n\n\n\n<li><strong>Modalidade de workshop (Modalidade W)<br><\/strong>\u2022 t\u00edtulo (s\u00f3 a primeira palavra iniciada com mai\u00fascula),<br>\u2022 enquadramento e objetivos do mesmo.<\/li>\n<\/ol>\n\n\n\n<p>Os&nbsp;<strong>resumos<\/strong>&nbsp;devem seguir, obrigatoriamente, as normas de formata\u00e7\u00e3o do&nbsp;<a href=\"https:\/\/eventos.esec.pt\/eipe2023\/wp-content\/uploads\/2023\/01\/Template-eipe2023_Modalidade_titulo.docx\" data-type=\"URL\" data-id=\"https:\/\/eventos.esec.pt\/eipe2023\/wp-content\/uploads\/2023\/01\/Template-eipe2023_Modalidade_titulo.docx\"><em><strong>template<\/strong><\/em><\/a>. O modelo deve ser descarregado e deve ser usado para trabalhar diretamente sobre o ficheiro.<\/p>\n\n\n\n<p>A&nbsp;<strong>submiss\u00e3o de resumos<\/strong>&nbsp;deve ser feita&nbsp;<strong>at\u00e9&nbsp;23\/02\/2023<\/strong>, atrav\u00e9s do <a href=\"https:\/\/docs.google.com\/forms\/d\/e\/1FAIpQLSc1biLulrPUSGNFTGz_qSD6iCir5Al5hXD0WRSPvoeCQru7MA\/viewform?usp=sharing\"><strong>formul\u00e1rio<\/strong><\/a>. O nome do documento submetido dever\u00e1 ter o formato&nbsp;<strong>eipe2023_Modalidade_titulo.docx<\/strong>&nbsp;(Word) Exemplo: eipe2023_w_xxxxxxx. docx<\/p>\n\n\n\n<h3 class=\"wp-block-heading\">Submiss\u00e3o de Artigos<\/h3>\n\n\n\n<p>As submiss\u00f5es devem ser textos in\u00e9ditos, n\u00e3o editados ou apresentados em quaisquer outras publica\u00e7\u00f5es. Os textos devem ser submetidos em portugu\u00eas. Os textos s\u00e3o limitados a 30 000 carateres, incluindo espa\u00e7os e excluindo: t\u00edtulo, afilia\u00e7\u00e3o e contacto, resumo e palavras-chave. Os textos devem seguir, obrigatoriamente, as normas de formata\u00e7\u00e3o do&nbsp;<em><a href=\"https:\/\/eventos.esec.pt\/eipe2023\/wp-content\/uploads\/2023\/03\/Template-Artigo-eipe2023.docx\" data-type=\"URL\" data-id=\"https:\/\/eventos.esec.pt\/eipe2023\/wp-content\/uploads\/2023\/03\/Template-Artigo-eipe2023.docx\" target=\"_blank\" rel=\"noreferrer noopener\">template<\/a><\/em>.<\/p>\n\n\n\n<p>O <a href=\"https:\/\/eventos.esec.pt\/eipe2023\/wp-content\/uploads\/2023\/03\/Template-Artigo-eipe2023.docx\" data-type=\"URL\" data-id=\"https:\/\/eventos.esec.pt\/eipe2023\/wp-content\/uploads\/2023\/03\/Template-Artigo-eipe2023.docx\">modelo deve ser descarregado<\/a> e deve ser usado para trabalhar diretamente sobre o ficheiro. No caso destas normas n\u00e3o serem respeitadas, os textos n\u00e3o ser\u00e3o publicados.<\/p>\n\n\n\n<p>A\u00a0<strong>submiss\u00e3o dos textos (cap\u00edtulo de livro)<\/strong>\u00a0deve ser feita\u00a0<strong>at\u00e9 <\/strong><s>11\/06\/2023<\/s> <strong>25\/06\/2023<\/strong> atrav\u00e9s do email eipe@esec.pt<\/p>\n\n\n\n<p><strong>NOTA IMPORTANTE:<\/strong><\/p>\n\n\n\n<p>Os trabalhos submetidos ser\u00e3o sujeitos a uma avalia\u00e7\u00e3o por especialistas da Comiss\u00e3o Cient\u00edfica do EIPE 2023. Nesta avalia\u00e7\u00e3o ter-se-\u00e1 em considera\u00e7\u00e3o:<\/p>\n\n\n\n<ol class=\"wp-block-list\">\n<li>Propostas de resumo para comunica\u00e7\u00e3o oral, relatos de pr\u00e1tica\/p\u00f3steres ou workshop:<br>i) Pertin\u00eancia da proposta em rela\u00e7\u00e3o \u00e0 tem\u00e1tica do Encontro<br>ii) Qualidade cient\u00edfica e contributos do trabalho<br>iii) Respeito das normas de reda\u00e7\u00e3o<br><\/li>\n\n\n\n<li>Propostas de artigo:<br>i) Identifica\u00e7\u00e3o e clareza do problema\/objetivo do estudo<br>ii) Pertin\u00eancia, adequa\u00e7\u00e3o e atualidade da fundamenta\u00e7\u00e3o te\u00f3rica<br>iii) Adequa\u00e7\u00e3o e fundamenta\u00e7\u00e3o da metodologia de investiga\u00e7\u00e3o<br>iv) Pertin\u00eancia e sustenta\u00e7\u00e3o dos resultados<br>v) Articula\u00e7\u00e3o, consist\u00eancia e fundamenta\u00e7\u00e3o das conclus\u00f5es<br>vi) Utiliza\u00e7\u00e3o das normas APA (7\u00aa Ed.) nas refer\u00eancias<br>vii) Clareza, organiza\u00e7\u00e3o e estrutura do texto<br>viii) Consist\u00eancia relativamente \u00e0s normas definidas para a formata\u00e7\u00e3o do texto<\/li>\n<\/ol>\n\n\n\n<p>Nota: O autor que ir\u00e1 apresentar a comunica\u00e7\u00e3o\/p\u00f3ster\/relato\/workshop ter\u00e1 obrigatoriamente de estar inscrito no evento.<a id=\"_msocom_1\"><\/a><\/p>\n\n\n\n<p><\/p>\n","protected":false},"excerpt":{"rendered":"<p>Processo de submiss\u00e3o As sess\u00f5es paralelas decorrem com a apresenta\u00e7\u00e3o de comunica\u00e7\u00f5es orais, relatos de pr\u00e1tica\/p\u00f3steres e workshops dentro do \u00e2mbito EIPE 2023. A submiss\u00e3o&hellip;<\/p>\n","protected":false},"author":1,"featured_media":0,"parent":0,"menu_order":0,"comment_status":"closed","ping_status":"closed","template":"","meta":{"footnotes":""},"class_list":["post-32","page","type-page","status-publish","hentry"],"_links":{"self":[{"href":"https:\/\/eventos.esec.pt\/eipe2023\/index.php\/wp-json\/wp\/v2\/pages\/32","targetHints":{"allow":["GET"]}}],"collection":[{"href":"https:\/\/eventos.esec.pt\/eipe2023\/index.php\/wp-json\/wp\/v2\/pages"}],"about":[{"href":"https:\/\/eventos.esec.pt\/eipe2023\/index.php\/wp-json\/wp\/v2\/types\/page"}],"author":[{"embeddable":true,"href":"https:\/\/eventos.esec.pt\/eipe2023\/index.php\/wp-json\/wp\/v2\/users\/1"}],"replies":[{"embeddable":true,"href":"https:\/\/eventos.esec.pt\/eipe2023\/index.php\/wp-json\/wp\/v2\/comments?post=32"}],"version-history":[{"count":14,"href":"https:\/\/eventos.esec.pt\/eipe2023\/index.php\/wp-json\/wp\/v2\/pages\/32\/revisions"}],"predecessor-version":[{"id":316,"href":"https:\/\/eventos.esec.pt\/eipe2023\/index.php\/wp-json\/wp\/v2\/pages\/32\/revisions\/316"}],"wp:attachment":[{"href":"https:\/\/eventos.esec.pt\/eipe2023\/index.php\/wp-json\/wp\/v2\/media?parent=32"}],"curies":[{"name":"wp","href":"https:\/\/api.w.org\/{rel}","templated":true}]}}