{"id":28,"date":"2023-01-24T18:22:49","date_gmt":"2023-01-24T18:22:49","guid":{"rendered":"https:\/\/eventos.esec.pt\/eipe2023\/?page_id=28"},"modified":"2023-04-11T10:41:46","modified_gmt":"2023-04-11T10:41:46","slug":"comissoes","status":"publish","type":"page","link":"https:\/\/eventos.esec.pt\/eipe2023\/index.php\/comissoes\/","title":{"rendered":"Comiss\u00f5es"},"content":{"rendered":"\n<h3 class=\"wp-block-heading\">Comiss\u00e3o Organizadora<\/h3>\n\n\n\n<ul class=\"wp-block-list\">\n<li>Ana Santiago \u2013 Instituto Polit\u00e9cnico de Coimbra<\/li>\n\n\n\n<li>Armando Gon\u00e7alves \u2013 Instituto Polit\u00e9cnico de Coimbra<\/li>\n\n\n\n<li>Cristina Leandro \u2013 Instituto Polit\u00e9cnico de Coimbra<\/li>\n\n\n\n<li>Jos\u00e9 Miguel Sacramento \u2013 Instituto Polit\u00e9cnico de Coimbra<\/li>\n\n\n\n<li>M\u00e1rcia Quinteiro \u2013 Instituto Polit\u00e9cnico de Coimbra<\/li>\n\n\n\n<li>Marco Bento \u2013 Instituto Polit\u00e9cnico de Coimbra<\/li>\n\n\n\n<li>Maria do Ros\u00e1rio Casti\u00e7o Campos \u2013 Instituto Polit\u00e9cnico de Coimbra<\/li>\n\n\n\n<li>S\u00edlvia Parreiral &#8211; Instituto Polit\u00e9cnico de Coimbra<\/li>\n\n\n\n<li>S\u00edlvia Espada &#8211; Instituto Polit\u00e9cnico de Coimbra<\/li>\n\n\n\n<li>Sofia Gon\u00e7alves &#8211; Instituto Polit\u00e9cnico de Coimbra<\/li>\n\n\n\n<li>Vera do Vale \u2013 Instituto Polit\u00e9cnico de Coimbra<\/li>\n\n\n\n<li>Virg\u00edlio Rato \u2013 Instituto Polit\u00e9cnico de Coimbra<\/li>\n<\/ul>\n\n\n\n<h3 class=\"wp-block-heading\">Comiss\u00e3o Cient\u00edfica<\/h3>\n\n\n\n<ul class=\"wp-block-list\">\n<li>Aida Figueiredo &#8211; Universidade de Aveiro<\/li>\n\n\n\n<li>Ana Am\u00e9lia Carvalho &#8211; Universidade de Coimbra<\/li>\n\n\n\n<li>Ana Coelho &#8211; Instituto Polit\u00e9cnico de Coimbra<\/li>\n\n\n\n<li>Ana Margarida Vaz &#8211; Instituto Polit\u00e9cnico de Coimbra<\/li>\n\n\n\n<li>Ana Oliveira &#8211; Instituto Polit\u00e9cnico de Leiria<\/li>\n\n\n\n<li>Ana Paula Aires &#8211; Universidade de Tr\u00e1s-os-Montes e Alto Douro<\/li>\n\n\n\n<li>Ana Paula Ferreira &#8211; Instituto Polit\u00e9cnico de Coimbra<\/li>\n\n\n\n<li>Ana Silva Marques &#8211; Instituto Polit\u00e9cnico de Lisboa<\/li>\n\n\n\n<li>Ant\u00f3nio Gomes Ferreira &#8211; Universidade de Coimbra<\/li>\n\n\n\n<li>Avelino Correia &#8211; Instituto Polit\u00e9cnico de Coimbra<\/li>\n\n\n\n<li>Bento Cavadas &#8211; Instituto Polit\u00e9cnico de Santar\u00e9m<\/li>\n\n\n\n<li>Catarina Cruz &#8211; Instituto Polit\u00e9cnico de Coimbra<\/li>\n\n\n\n<li>Cec\u00edlia Costa &#8211; Universidade de Tr\u00e1s-os-Montes e Alto Douro<\/li>\n\n\n\n<li>Cristina Vieira &#8211; Universidade de Coimbra<\/li>\n\n\n\n<li>Elisabete Monteiro &#8211; Universidade de Lisboa<\/li>\n\n\n\n<li>F\u00e1tima Neves &#8211; Instituto Polit\u00e9cnico de Coimbra<\/li>\n\n\n\n<li>F\u00e1tima Paix\u00e3o &#8211; Instituto Polit\u00e9cnico de Castelo Branco<\/li>\n\n\n\n<li>Fernando Martins &#8211; Instituto Polit\u00e9cnico de Coimbra<\/li>\n\n\n\n<li>Fernando Rebola &#8211; Instituto Polit\u00e9cnico de Portalegre<\/li>\n\n\n\n<li>Filomena Teixeira &#8211; Instituto Polit\u00e9cnico de Coimbra<\/li>\n\n\n\n<li>Francisco Campos &#8211; Instituto Polit\u00e9cnico de Coimbra<\/li>\n\n\n\n<li>Isabel Correia &#8211; Instituto Polit\u00e9cnico de Coimbra<\/li>\n\n\n\n<li>Joana Ch\u00e9linho &#8211; Instituto Polit\u00e9cnico de Coimbra<\/li>\n\n\n\n<li>Jo\u00e3o Rocha &#8211; Instituto Polit\u00e9cnico de Viseu<\/li>\n\n\n\n<li>Jo\u00e3o Vaz &#8211; Instituto Polit\u00e9cnico de Coimbra<\/li>\n\n\n\n<li>Jos\u00e9 Marques Morgado &#8211; Instituto Polit\u00e9cnico de Coimbra<\/li>\n\n\n\n<li>Jos\u00e9 Pedro e Silva &#8211; Instituto Polit\u00e9cnico de Coimbra<\/li>\n\n\n\n<li>Jos\u00e9 Pereirinha Ramalho &#8211; Instituto Polit\u00e9cnico de Beja<\/li>\n\n\n\n<li>Luis Miguel Oliveira &#8211; Instituto Polit\u00e9cnico de Leiria<\/li>\n\n\n\n<li>Luis Mota &#8211; Instituto Polit\u00e9cnico de Coimbra<\/li>\n\n\n\n<li>Madalena Baptista&nbsp; &#8211; Instituto Polit\u00e9cnico de Coimbra<\/li>\n\n\n\n<li>Madalena Teixeira &#8211; Universidade de Aveiro<\/li>\n\n\n\n<li>Manuel Vara Pires &#8211; Instituto Polit\u00e9cnico de Bragan\u00e7a<\/li>\n\n\n\n<li>Manuela Carrito &#8211; Instituto Polit\u00e9cnico de Coimbra<\/li>\n\n\n\n<li>Margarida Ad\u00f3nis Torres &#8211; Instituto Polit\u00e9cnico de Coimbra<\/li>\n\n\n\n<li>Maria Alexandra Gomes &#8211; Universidade do Minho<\/li>\n\n\n\n<li>Maria Helena Ramos &#8211; AE Pai\u00e3o &#8211; Instituto Polit\u00e9cnico de Coimbra<\/li>\n\n\n\n<li>Maria Isabel Ferraz Festas &#8211; Universidade de Coimbra<\/li>\n\n\n\n<li>Nat\u00e1lia Pires &#8211; Instituto Polit\u00e9cnico de Coimbra<\/li>\n\n\n\n<li>Neuza Pedro &#8211; Universidade de Lisboa<\/li>\n\n\n\n<li>Nuno Chuva Vasco &#8211; Instituto Polit\u00e9cnico de Coimbra<\/li>\n\n\n\n<li>Nuno Lopes Martins &#8211; Instituto Polit\u00e9cnico de Coimbra<\/li>\n\n\n\n<li>Paula Teixeira &#8211; AE Jo\u00e3o de Barros \u2013 Universidade Nova de Lisboa<\/li>\n\n\n\n<li>Pedro Balaus &#8211; Instituto Polit\u00e9cnico de Coimbra<\/li>\n\n\n\n<li>Rafaela Cota da Silva &#8211; Instituto Polit\u00e9cnico de Coimbra<\/li>\n\n\n\n<li>Susana Ribeiro &#8211; Instituto Polit\u00e9cnico de Coimbra<\/li>\n<\/ul>\n\n\n\n<h3 class=\"wp-block-heading\">Apoio ao evento<\/h3>\n\n\n\n<ul class=\"wp-block-list\">\n<li>Adriana Sofia Rojo Caetano<\/li>\n\n\n\n<li>Ana Lu\u00edsa Marques Carvalheiro<\/li>\n\n\n\n<li>Ana Patr\u00edcia Nunes Maia<\/li>\n\n\n\n<li>Beatriz Gabriela Rebelo Teixeira Coelho<\/li>\n\n\n\n<li>Beatriz Medeiros Guiomar<\/li>\n\n\n\n<li>Beatriz Neves Raposo<\/li>\n\n\n\n<li>C\u00e1tia Sofia Martins Ferreira<\/li>\n\n\n\n<li>Eva Nunes Rodrigues<\/li>\n\n\n\n<li>Joana Isabel Louren\u00e7o Almeida<\/li>\n\n\n\n<li>Laura Fabiana Gomes Francisco<\/li>\n\n\n\n<li>Let\u00edcia Santos Sobral<\/li>\n\n\n\n<li>Margarida Pereira Costa Neves<\/li>\n\n\n\n<li>Maria In\u00eas Rolo Sim\u00f5es<\/li>\n\n\n\n<li>Maria Jos\u00e9 Silva de Jesus<\/li>\n\n\n\n<li>Rafaela Rossa Maia Oliveira<\/li>\n\n\n\n<li>Rita Filipa dos Santos Menaia<\/li>\n\n\n\n<li>Rita P\u00e9rtiga Correia<\/li>\n\n\n\n<li>Sara Alexandra Petim Ribeiro<\/li>\n\n\n\n<li>Sara Helena Rodrigues da Quadrada<\/li>\n\n\n\n<li>Vanessa Alexandra Domingues Mateus<\/li>\n<\/ul>\n","protected":false},"excerpt":{"rendered":"<p>Comiss\u00e3o Organizadora Comiss\u00e3o Cient\u00edfica Apoio ao evento<\/p>\n","protected":false},"author":1,"featured_media":0,"parent":0,"menu_order":0,"comment_status":"closed","ping_status":"closed","template":"","meta":{"footnotes":""},"class_list":["post-28","page","type-page","status-publish","hentry"],"_links":{"self":[{"href":"https:\/\/eventos.esec.pt\/eipe2023\/index.php\/wp-json\/wp\/v2\/pages\/28","targetHints":{"allow":["GET"]}}],"collection":[{"href":"https:\/\/eventos.esec.pt\/eipe2023\/index.php\/wp-json\/wp\/v2\/pages"}],"about":[{"href":"https:\/\/eventos.esec.pt\/eipe2023\/index.php\/wp-json\/wp\/v2\/types\/page"}],"author":[{"embeddable":true,"href":"https:\/\/eventos.esec.pt\/eipe2023\/index.php\/wp-json\/wp\/v2\/users\/1"}],"replies":[{"embeddable":true,"href":"https:\/\/eventos.esec.pt\/eipe2023\/index.php\/wp-json\/wp\/v2\/comments?post=28"}],"version-history":[{"count":8,"href":"https:\/\/eventos.esec.pt\/eipe2023\/index.php\/wp-json\/wp\/v2\/pages\/28\/revisions"}],"predecessor-version":[{"id":251,"href":"https:\/\/eventos.esec.pt\/eipe2023\/index.php\/wp-json\/wp\/v2\/pages\/28\/revisions\/251"}],"wp:attachment":[{"href":"https:\/\/eventos.esec.pt\/eipe2023\/index.php\/wp-json\/wp\/v2\/media?parent=28"}],"curies":[{"name":"wp","href":"https:\/\/api.w.org\/{rel}","templated":true}]}}