{"id":2,"date":"2023-01-16T17:11:10","date_gmt":"2023-01-16T17:11:10","guid":{"rendered":"https:\/\/eventos.esec.pt\/eipe2023\/?page_id=2"},"modified":"2023-04-19T17:12:49","modified_gmt":"2023-04-19T17:12:49","slug":"programa","status":"publish","type":"page","link":"https:\/\/eventos.esec.pt\/eipe2023\/index.php\/programa\/","title":{"rendered":"Programa"},"content":{"rendered":"\n<h3 class=\"wp-block-heading\">Programa VII EIPE &#8211; 2023<\/h3>\n\n\n\n<p>Programa geral (dispon\u00edvel para <a href=\"https:\/\/eventos.esec.pt\/eipe2023\/wp-content\/uploads\/2023\/04\/EIPE-2023-programa-geral-final_2.pdf\">descarregar em PDF<\/a>)<\/p>\n\n\n\n<figure class=\"wp-block-table is-style-stripes\"><table><tbody><tr><td colspan=\"2\"><strong>Sexta-feira: 21 de abril<\/strong><\/td><\/tr><tr><td>8h20<\/td><td>Abertura do secretariado do evento<\/td><\/tr><tr><td>9h00<\/td><td>Sess\u00e3o de abertura<\/td><\/tr><tr><td>9h30 \u2013 10h30<\/td><td><strong>Confer\u00eancia Plen\u00e1ria<\/strong> Tema | Inova\u00e7\u00e3o nas escolas: da reflex\u00e3o \u00e0 pr\u00e1tica<br>Orador | M\u00e1rio Rocha \u2013 AE Cristelo<\/td><\/tr><tr><td>10h30 \u2013 11h00<\/td><td><strong>Pausa para caf\u00e9<\/strong><strong><\/strong><\/td><\/tr><tr><td>11h00 \u2013 12h30<\/td><td><strong><a href=\"https:\/\/eventos.esec.pt\/eipe2023\/wp-content\/uploads\/2023\/04\/EIPE-2023-Comunicacoes-paralelas-I.pdf\">Comunica\u00e7\u00f5es paralelas I<\/a><\/strong><\/td><\/tr><tr><td>12h30 \u2013 14h00<\/td><td><strong>Pausa para almo\u00e7o<\/strong><strong><\/strong><\/td><\/tr><tr><td>14h00 \u2013 15h30<\/td><td><strong><a href=\"https:\/\/eventos.esec.pt\/eipe2023\/wp-content\/uploads\/2023\/04\/comunicacoes-paralelas-II.pdf\">Comunica\u00e7\u00f5es paralelas II<\/a><\/strong><\/td><\/tr><tr><td>15h30 \u2013 15h45<\/td><td><strong>Pausa para caf\u00e9<\/strong><strong><\/strong><\/td><\/tr><tr><td>15h45 \u2013 17h15<\/td><td><strong>Mesa Redonda<\/strong> Tema | Certezas e contradi\u00e7\u00f5es na cria\u00e7\u00e3o de espa\u00e7os educativos<br>Oradoras<br>Aida Figueiredo \u2013 Universidade de Aveiro<br>Ana Martins Santos \u2013 AE Vila Nova da Barquinha<br>Joana Sobral \u2013 C\u00e2mara Municipal de Coimbra<br>Liliana Marques \u2013 Dire\u00e7\u00e3o Geral de Educa\u00e7\u00e3o<\/td><\/tr><tr><td>17h15 \u2013 19h15<\/td><td><strong><a href=\"https:\/\/eventos.esec.pt\/eipe2023\/wp-content\/uploads\/2023\/04\/EIPE-2023-Workshops-paralelos-I.pdf\">Workshops paralelos I<\/a><\/strong><\/td><\/tr><tr><td>&nbsp;<\/td><td>&nbsp;<\/td><\/tr><tr><td colspan=\"2\"><strong>S\u00e1bado: 22 de abril<\/strong><\/td><\/tr><tr><td>9h00 \u2013 11h00<\/td><td><strong><a href=\"https:\/\/eventos.esec.pt\/eipe2023\/wp-content\/uploads\/2023\/04\/EIPE-2023-Workshops-paralelos-II.pdf\">Workshops paralelos II<\/a><\/strong><\/td><\/tr><tr><td>11h00 \u2013 11h15<\/td><td><strong>Pausa para caf\u00e9<\/strong><strong><\/strong><\/td><\/tr><tr><td>11h15 \u2013 12h15<\/td><td><strong><a href=\"https:\/\/eventos.esec.pt\/eipe2023\/wp-content\/uploads\/2023\/04\/EIPE-2023-Comunicacoes-paralelas-III.pdf\">Comunica\u00e7\u00f5es paralelas III<\/a><\/strong><\/td><\/tr><tr><td>12h15 \u2013 13h30<\/td><td><strong>Confer\u00eancia Plen\u00e1ria<\/strong> Tema | Um olhar sobre pr\u00e1ticas curriculares e pedagogias transformadoras<br>Oradora | Carlinda Leite \u2013 Universidade do Porto<\/td><\/tr><tr><td>13h30<\/td><td>Sess\u00e3o de encerramento<\/td><\/tr><\/tbody><\/table><\/figure>\n","protected":false},"excerpt":{"rendered":"<p>Programa VII EIPE &#8211; 2023 Programa geral (dispon\u00edvel para descarregar em PDF) Sexta-feira: 21 de abril 8h20 Abertura do secretariado do evento 9h00 Sess\u00e3o de&hellip;<\/p>\n","protected":false},"author":1,"featured_media":0,"parent":0,"menu_order":0,"comment_status":"closed","ping_status":"closed","template":"","meta":{"footnotes":""},"class_list":["post-2","page","type-page","status-publish","hentry"],"_links":{"self":[{"href":"https:\/\/eventos.esec.pt\/eipe2023\/index.php\/wp-json\/wp\/v2\/pages\/2","targetHints":{"allow":["GET"]}}],"collection":[{"href":"https:\/\/eventos.esec.pt\/eipe2023\/index.php\/wp-json\/wp\/v2\/pages"}],"about":[{"href":"https:\/\/eventos.esec.pt\/eipe2023\/index.php\/wp-json\/wp\/v2\/types\/page"}],"author":[{"embeddable":true,"href":"https:\/\/eventos.esec.pt\/eipe2023\/index.php\/wp-json\/wp\/v2\/users\/1"}],"replies":[{"embeddable":true,"href":"https:\/\/eventos.esec.pt\/eipe2023\/index.php\/wp-json\/wp\/v2\/comments?post=2"}],"version-history":[{"count":12,"href":"https:\/\/eventos.esec.pt\/eipe2023\/index.php\/wp-json\/wp\/v2\/pages\/2\/revisions"}],"predecessor-version":[{"id":295,"href":"https:\/\/eventos.esec.pt\/eipe2023\/index.php\/wp-json\/wp\/v2\/pages\/2\/revisions\/295"}],"wp:attachment":[{"href":"https:\/\/eventos.esec.pt\/eipe2023\/index.php\/wp-json\/wp\/v2\/media?parent=2"}],"curies":[{"name":"wp","href":"https:\/\/api.w.org\/{rel}","templated":true}]}}