{"id":33,"date":"2022-02-04T12:01:29","date_gmt":"2022-02-04T12:01:29","guid":{"rendered":"https:\/\/eventos.esec.pt\/eipe\/?page_id=33"},"modified":"2022-05-06T10:55:53","modified_gmt":"2022-05-06T10:55:53","slug":"programa","status":"publish","type":"page","link":"https:\/\/eventos.esec.pt\/eipe\/?page_id=33","title":{"rendered":"Programa"},"content":{"rendered":"\n<p><strong>Palestrantes convidados<\/strong><\/p>\n\n\n\n<figure class=\"wp-block-gallery has-nested-images columns-4 is-cropped wp-block-gallery-9 is-layout-flex wp-block-gallery-is-layout-flex\">\n<figure class=\"wp-block-image size-large is-style-default wp-duotone-000000-ffffff-1\"><img loading=\"lazy\" decoding=\"async\" width=\"136\" height=\"136\" data-id=\"166\" src=\"https:\/\/eventos.esec.pt\/eipe\/wp-content\/uploads\/2022\/03\/Nadia-Ferreira.png\" alt=\"\" class=\"wp-image-166\"\/><figcaption>N\u00e1dia Ferreira<\/figcaption><\/figure>\n\n\n\n<figure class=\"wp-block-image size-large is-style-default wp-duotone-000000-ffffff-2\"><img loading=\"lazy\" decoding=\"async\" width=\"255\" height=\"314\" data-id=\"167\" src=\"https:\/\/eventos.esec.pt\/eipe\/wp-content\/uploads\/2022\/03\/Rosa-Maia.png\" alt=\"\" class=\"wp-image-167\"\/><figcaption>Rosa Maia<\/figcaption><\/figure>\n\n\n\n<figure class=\"wp-block-image size-full is-style-default wp-duotone-000000-ffffff-3\"><img loading=\"lazy\" decoding=\"async\" width=\"220\" height=\"220\" data-id=\"263\" src=\"https:\/\/eventos.esec.pt\/eipe\/wp-content\/uploads\/2022\/04\/Euse\u0301bio-Andre\u0301-Machado.jpg\" alt=\"\" class=\"wp-image-263\"\/><figcaption>Eus\u00e9bio Andr\u00e9 Machado<\/figcaption><\/figure>\n\n\n\n<figure class=\"wp-block-image size-large wp-duotone-000000-ffffff-4\"><img loading=\"lazy\" decoding=\"async\" width=\"1536\" height=\"1536\" data-id=\"285\" src=\"https:\/\/eventos.esec.pt\/eipe\/wp-content\/uploads\/2022\/04\/rui-mendes.jpeg\" alt=\"\" class=\"wp-image-285\"\/><figcaption>Rui Mendes<\/figcaption><\/figure>\n\n\n\n<figure class=\"wp-block-image size-large is-style-default wp-duotone-000000-ffffff-5\"><img loading=\"lazy\" decoding=\"async\" width=\"100\" height=\"117\" data-id=\"165\" src=\"https:\/\/eventos.esec.pt\/eipe\/wp-content\/uploads\/2022\/03\/Maria-Helena-Damiao.png\" alt=\"\" class=\"wp-image-165\"\/><figcaption>Maria Helena Dami\u00e3o<\/figcaption><\/figure>\n\n\n\n<figure class=\"wp-block-image size-large wp-duotone-000000-ffffff-6\"><img loading=\"lazy\" decoding=\"async\" width=\"212\" height=\"238\" data-id=\"275\" src=\"https:\/\/eventos.esec.pt\/eipe\/wp-content\/uploads\/2022\/04\/Rui-Trindade.jpg\" alt=\"\" class=\"wp-image-275\"\/><figcaption>Rui Trindade<\/figcaption><\/figure>\n\n\n\n<figure class=\"wp-block-image size-large wp-duotone-000000-ffffff-7\"><img loading=\"lazy\" decoding=\"async\" width=\"182\" height=\"191\" data-id=\"383\" src=\"https:\/\/eventos.esec.pt\/eipe\/wp-content\/uploads\/2022\/05\/Marta-Esteves.png\" alt=\"\" class=\"wp-image-383\"\/><figcaption>Marta Esteves<\/figcaption><\/figure>\n\n\n\n<figure class=\"wp-block-image size-large wp-duotone-000000-ffffff-8\"><img loading=\"lazy\" decoding=\"async\" width=\"3120\" height=\"4160\" data-id=\"384\" src=\"https:\/\/eventos.esec.pt\/eipe\/wp-content\/uploads\/2022\/05\/Nuno-Dias.jpg\" alt=\"\" class=\"wp-image-384\"\/><figcaption>Nuno Dias<\/figcaption><\/figure>\n<\/figure>\n\n\n\n<blockquote class=\"wp-block-quote is-layout-flow wp-block-quote-is-layout-flow\"><p><strong>Tema: A Escola em transforma\u00e7\u00e3o: Forma\u00e7\u00e3o e pr\u00e1tica docente<\/strong><\/p><\/blockquote>\n\n\n\n<h2 class=\"wp-block-heading\" id=\"programa-provisorio\">Programa<\/h2>\n\n\n\n<p>Descarregar <span style=\"text-decoration: underline;\"><a href=\"https:\/\/eventos.esec.pt\/eipe\/wp-content\/uploads\/2022\/05\/FInal____EIPE-2022-programa-com-W-e-CO-Divulgac\u0327a\u0303o-VF4.pdf\">Programa Geral<\/a><\/span><\/p>\n\n\n\n<p>Descarregar <a href=\"https:\/\/eventos.esec.pt\/eipe\/wp-content\/uploads\/2022\/05\/OneDrive_2022-05-06.zip\"><span style=\"text-decoration: underline;\">Resumos<\/span><\/a><\/p>\n\n\n\n<figure class=\"wp-block-table\"><table><tbody><tr><td>_________________<\/td><td><strong>Sexta-feira: 6 de maio<\/strong><\/td><\/tr><tr><td>8h20<\/td><td>Abertura do secretariado do evento<\/td><\/tr><tr><td>9h15<\/td><td>Apontamento Musical<\/td><\/tr><tr><td>9h30<\/td><td>Sess\u00e3o de abertura: Jorge Conde (Presidente do IPC), Rui Antunes (Presidente da ESEC), Ana Santiago (Organiza\u00e7\u00e3o EIPE)<\/td><\/tr><tr><td>10h00 \u2013 11h00<\/td><td>Confer\u00eancia Plen\u00e1ria: <strong><em>Autonomia e Flexibilidade Curricular: reflex\u00f5es<\/em><\/strong> <br>Oradora: N\u00e1dia Ferreira (ISPA-Instituto Universit\u00e1rio) <br>Modera\u00e7\u00e3o: Sofia Gon\u00e7alves (Docente da ESEC)<\/td><\/tr><tr><td>11h00 \u2013 11h15<\/td><td>Pausa para caf\u00e9<\/td><\/tr><tr><td>11h15 \u2013 12h45<\/td><td><span style=\"text-decoration: underline;\"><a href=\"https:\/\/eventos.esec.pt\/eipe\/wp-content\/uploads\/2022\/05\/FInal____EIPE-2022-programa-com-W-e-CO-Divulgac%CC%A7a%CC%83o-VF4.pdf\">Comunica\u00e7\u00f5es paralelas I<\/a><\/span><\/td><\/tr><tr><td>12h45 \u2013 14h00<\/td><td>Pausa para almo\u00e7o<\/td><\/tr><tr><td>14h00 \u2013 15h30<\/td><td><span style=\"text-decoration: underline;\"><a href=\"https:\/\/eventos.esec.pt\/eipe\/wp-content\/uploads\/2022\/05\/FInal____EIPE-2022-programa-com-W-e-CO-Divulgac%CC%A7a%CC%83o-VF4.pdf\">Comunica\u00e7\u00f5es paralelas II<\/a><\/span><\/td><\/tr><tr><td>15h30 \u2013 15h45<\/td><td><span style=\"text-decoration: underline;\"><a href=\"https:\/\/eventos.esec.pt\/eipe\/wp-content\/uploads\/2022\/05\/FInal____EIPE-2022-programa-com-W-e-CO-Divulgac%CC%A7a%CC%83o-VF4.pdf\">P\u00f3steres<\/a><\/span><\/td><\/tr><tr><td>15h45 \u2013 16h00<\/td><td>Pausa para caf\u00e9<\/td><\/tr><tr><td>16h00 \u2013 17h30<\/td><td>Mesa Redonda: <strong><em>O projeto MAIA a partir de diferentes Perspetivas<\/em><\/strong> <br>Oradores: &nbsp;Eus\u00e9bio Machado (Coordenador do Projeto MAIA), Rosa Maia (Professora AEMF\/Formadora), Nuno Dias (Diretor AE Rainha Santa Isabel), Marta Esteves (Professora ES Jos\u00e9 Falc\u00e3o) <br>Modera\u00e7\u00e3o: Ana Paula Ferreira (Docente da ESEC)<\/td><\/tr><tr><td>17h35 \u2013 19h35<\/td><td><span style=\"text-decoration: underline;\"><a href=\"https:\/\/eventos.esec.pt\/eipe\/wp-content\/uploads\/2022\/05\/FInal____EIPE-2022-programa-com-W-e-CO-Divulgac%CC%A7a%CC%83o-VF4.pdf\">Workshops paralelos I<\/a><\/span> (<a href=\"https:\/\/eventos.esec.pt\/eipe\/?page_id=29\"><span style=\"text-decoration: underline;\">Inscri\u00e7\u00f5es obrigat\u00f3rias<\/span><\/a>)<\/td><\/tr><tr><td>20h00<\/td><td>Jantar Social: <em>Restaurante Sabores da Romeira<\/em> (Participa\u00e7\u00e3o facultativa com <a href=\"https:\/\/secretaria-virtual.esec.pt\/gereventos\/page?stage=registerhome&amp;eventID=1200\"><span style=\"text-decoration: underline;\">inscri\u00e7\u00e3o obrigat\u00f3ria<\/span><\/a>)<\/td><\/tr><tr><td>&nbsp;<\/td><td>&nbsp;<\/td><\/tr><tr><td>&nbsp;_________________<\/td><td><strong>S\u00e1bado: 7 de maio<\/strong><\/td><\/tr><tr><td>9h00 \u2013 11h00<\/td><td><span style=\"text-decoration: underline;\"><a href=\"https:\/\/eventos.esec.pt\/eipe\/wp-content\/uploads\/2022\/05\/FInal____EIPE-2022-programa-com-W-e-CO-Divulgac%CC%A7a%CC%83o-VF4.pdf\">Workshops paralelos II<\/a><\/span> (<a href=\"https:\/\/eventos.esec.pt\/eipe\/?page_id=29\"><span style=\"text-decoration: underline;\">Inscri\u00e7\u00f5es obrigat\u00f3rias<\/span><\/a>)<\/td><\/tr><tr><td>11h00 \u2013 11h10<\/td><td>Pausa para caf\u00e9<\/td><\/tr><tr><td>11h10 \u2013 12h10<\/td><td><span style=\"text-decoration: underline;\"><a href=\"https:\/\/eventos.esec.pt\/eipe\/wp-content\/uploads\/2022\/05\/FInal____EIPE-2022-programa-com-W-e-CO-Divulgac%CC%A7a%CC%83o-VF4.pdf\">Comunica\u00e7\u00f5es paralelas III<\/a><\/span><\/td><\/tr><tr><td>12h15 \u2013 13h00<\/td><td>Confer\u00eancia Plen\u00e1ria:<em> <strong>A import\u00e2ncia do brincar<\/strong><\/em> <br>Orador: Rui Mendes (Docente da ESEC) <br>Modera\u00e7\u00e3o: Vera Vale (Docente da ESEC)<\/td><\/tr><tr><td>13h00 \u2013 14h00<\/td><td>Pausa para almo\u00e7o<\/td><\/tr><tr><td>14h00 \u2013 15h00<\/td><td><span style=\"text-decoration: underline;\"><a href=\"https:\/\/eventos.esec.pt\/eipe\/wp-content\/uploads\/2022\/05\/FInal____EIPE-2022-programa-com-W-e-CO-Divulgac%CC%A7a%CC%83o-VF4.pdf\">Comunica\u00e7\u00f5es paralelas IV<\/a><\/span><\/td><\/tr><tr><td>15h05 \u2013 15h30<\/td><td>Apresenta\u00e7\u00e3o do livro <strong><em>De fora para Dentro e de Dentro para Fora<\/em><\/strong>, de Ana Breda e Catarina Cruz<\/td><\/tr><tr><td>15h30 \u2013 15h45<\/td><td>Pausa para caf\u00e9<\/td><\/tr><tr><td>15h45 \u2013 17h00<\/td><td>Mesa Redonda: <strong><em>Aprendizagens Essenciais em debate<\/em><\/strong> <br>Oradores: Rui Trindade (Faculdade de Psicologia e de Ci\u00eancias da Educa\u00e7\u00e3o, Universidade do Porto), Helena Dami\u00e3o (Faculdade de Psicologia e de Ci\u00eancias da Educa\u00e7\u00e3o Universidade de Coimbra) <br>Modera\u00e7\u00e3o: Marco Bento (Docente da ESEC)<\/td><\/tr><tr><td>17h00<\/td><td>Sess\u00e3o de encerramento<\/td><\/tr><\/tbody><\/table><\/figure>\n","protected":false},"excerpt":{"rendered":"<p>Palestrantes convidados Tema: A Escola em transforma\u00e7\u00e3o: Forma\u00e7\u00e3o e pr\u00e1tica docente Programa Descarregar Programa Geral Descarregar Resumos _________________ Sexta-feira: 6 de maio 8h20 Abertura do&hellip;<\/p>\n","protected":false},"author":2,"featured_media":0,"parent":0,"menu_order":0,"comment_status":"closed","ping_status":"closed","template":"","meta":{"footnotes":""},"class_list":["post-33","page","type-page","status-publish","hentry"],"_links":{"self":[{"href":"https:\/\/eventos.esec.pt\/eipe\/index.php?rest_route=\/wp\/v2\/pages\/33","targetHints":{"allow":["GET"]}}],"collection":[{"href":"https:\/\/eventos.esec.pt\/eipe\/index.php?rest_route=\/wp\/v2\/pages"}],"about":[{"href":"https:\/\/eventos.esec.pt\/eipe\/index.php?rest_route=\/wp\/v2\/types\/page"}],"author":[{"embeddable":true,"href":"https:\/\/eventos.esec.pt\/eipe\/index.php?rest_route=\/wp\/v2\/users\/2"}],"replies":[{"embeddable":true,"href":"https:\/\/eventos.esec.pt\/eipe\/index.php?rest_route=%2Fwp%2Fv2%2Fcomments&post=33"}],"version-history":[{"count":43,"href":"https:\/\/eventos.esec.pt\/eipe\/index.php?rest_route=\/wp\/v2\/pages\/33\/revisions"}],"predecessor-version":[{"id":394,"href":"https:\/\/eventos.esec.pt\/eipe\/index.php?rest_route=\/wp\/v2\/pages\/33\/revisions\/394"}],"wp:attachment":[{"href":"https:\/\/eventos.esec.pt\/eipe\/index.php?rest_route=%2Fwp%2Fv2%2Fmedia&parent=33"}],"curies":[{"name":"wp","href":"https:\/\/api.w.org\/{rel}","templated":true}]}}