{"id":241,"date":"2022-04-06T16:28:45","date_gmt":"2022-04-06T16:28:45","guid":{"rendered":"https:\/\/eventos.esec.pt\/eipe\/?page_id=241"},"modified":"2022-04-27T14:18:21","modified_gmt":"2022-04-27T14:18:21","slug":"materiais","status":"publish","type":"page","link":"https:\/\/eventos.esec.pt\/eipe\/?page_id=241","title":{"rendered":"Materiais"},"content":{"rendered":"\n<h2 class=\"wp-block-heading\">Modelos\/templates<\/h2>\n\n\n\n<ul class=\"wp-block-list\"><li><a href=\"https:\/\/eventos.esec.pt\/eipe\/wp-content\/uploads\/2022\/04\/EIPE2021-powerpoint-exemplo.pptx\"><em>Template<\/em> Apresenta\u00e7\u00e3o <em>Powerpoint<\/em><\/a><\/li><li><a href=\"https:\/\/www.esec.pt\/wp-content\/uploads\/2021\/12\/EIPE2022_template_artigo.docx\"><em>Template <\/em>artigo<\/a><\/li><li><a href=\"https:\/\/www.esec.pt\/wp-content\/uploads\/2021\/12\/eipe2022_template_resumo.docx\"><em>Template <\/em>resumo<\/a><\/li><\/ul>\n\n\n\n<h2 class=\"wp-block-heading\">Imagens de divulga\u00e7\u00e3o\/promo\u00e7\u00e3o<\/h2>\n\n\n\n<figure class=\"wp-block-gallery has-nested-images columns-2 is-cropped wp-block-gallery-1 is-layout-flex wp-block-gallery-is-layout-flex\">\n<figure class=\"wp-block-image size-large\"><a href=\"https:\/\/eventos.esec.pt\/eipe\/wp-content\/uploads\/2022\/04\/cabecalho-01.png\" target=\"_blank\" rel=\"noopener\"><img loading=\"lazy\" decoding=\"async\" width=\"2481\" height=\"410\" data-id=\"243\" src=\"https:\/\/eventos.esec.pt\/eipe\/wp-content\/uploads\/2022\/04\/cabecalho-01.png\" alt=\"\" class=\"wp-image-243\"\/><\/a><\/figure>\n\n\n\n<figure class=\"wp-block-image size-large\"><a href=\"https:\/\/eventos.esec.pt\/eipe\/wp-content\/uploads\/2022\/04\/cabecalho-02.png\" target=\"_blank\" rel=\"noopener\"><img loading=\"lazy\" decoding=\"async\" width=\"2482\" height=\"412\" data-id=\"244\" src=\"https:\/\/eventos.esec.pt\/eipe\/wp-content\/uploads\/2022\/04\/cabecalho-02.png\" alt=\"\" class=\"wp-image-244\"\/><\/a><\/figure>\n\n\n\n<figure class=\"wp-block-image size-large\"><a href=\"https:\/\/eventos.esec.pt\/eipe\/wp-content\/uploads\/2022\/04\/cor-eipe2022-.png\" target=\"_blank\" rel=\"noopener\"><img loading=\"lazy\" decoding=\"async\" width=\"1920\" height=\"823\" data-id=\"246\" src=\"https:\/\/eventos.esec.pt\/eipe\/wp-content\/uploads\/2022\/04\/cor-eipe2022-.png\" alt=\"\" class=\"wp-image-246\"\/><\/a><\/figure>\n\n\n\n<figure class=\"wp-block-image size-large\"><a href=\"https:\/\/eventos.esec.pt\/eipe\/wp-content\/uploads\/2022\/04\/cor-eipe2022.png\" target=\"_blank\" rel=\"noopener\"><img loading=\"lazy\" decoding=\"async\" width=\"1920\" height=\"823\" data-id=\"247\" src=\"https:\/\/eventos.esec.pt\/eipe\/wp-content\/uploads\/2022\/04\/cor-eipe2022.png\" alt=\"\" class=\"wp-image-247\"\/><\/a><\/figure>\n\n\n\n<figure class=\"wp-block-image size-large\"><a href=\"https:\/\/eventos.esec.pt\/eipe\/wp-content\/uploads\/2022\/04\/pb-eipe2022-eseceipe.png\" target=\"_blank\" rel=\"noopener\"><img loading=\"lazy\" decoding=\"async\" width=\"1920\" height=\"823\" data-id=\"248\" src=\"https:\/\/eventos.esec.pt\/eipe\/wp-content\/uploads\/2022\/04\/pb-eipe2022-eseceipe.png\" alt=\"\" class=\"wp-image-248\"\/><\/a><\/figure>\n\n\n\n<figure class=\"wp-block-image size-large\"><a href=\"https:\/\/eventos.esec.pt\/eipe\/wp-content\/uploads\/2022\/04\/pb-eipe2022.png\" target=\"_blank\" rel=\"noopener\"><img loading=\"lazy\" decoding=\"async\" width=\"1920\" height=\"823\" data-id=\"249\" src=\"https:\/\/eventos.esec.pt\/eipe\/wp-content\/uploads\/2022\/04\/pb-eipe2022.png\" alt=\"\" class=\"wp-image-249\"\/><\/a><\/figure>\n\n\n\n<figure class=\"wp-block-image size-full\"><a href=\"https:\/\/eventos.esec.pt\/eipe\/wp-content\/uploads\/2022\/04\/power-point-capa.png\" target=\"_blank\" rel=\"noopener\"><img loading=\"lazy\" decoding=\"async\" width=\"5747\" height=\"3593\" data-id=\"245\" src=\"https:\/\/eventos.esec.pt\/eipe\/wp-content\/uploads\/2022\/04\/power-point-capa.png\" alt=\"\" class=\"wp-image-245\"\/><\/a><\/figure>\n<\/figure>\n","protected":false},"excerpt":{"rendered":"<p>Modelos\/templates Template Apresenta\u00e7\u00e3o Powerpoint Template artigo Template resumo Imagens de divulga\u00e7\u00e3o\/promo\u00e7\u00e3o<\/p>\n","protected":false},"author":5,"featured_media":0,"parent":0,"menu_order":0,"comment_status":"closed","ping_status":"closed","template":"","meta":{"footnotes":""},"class_list":["post-241","page","type-page","status-publish","hentry"],"_links":{"self":[{"href":"https:\/\/eventos.esec.pt\/eipe\/index.php?rest_route=\/wp\/v2\/pages\/241","targetHints":{"allow":["GET"]}}],"collection":[{"href":"https:\/\/eventos.esec.pt\/eipe\/index.php?rest_route=\/wp\/v2\/pages"}],"about":[{"href":"https:\/\/eventos.esec.pt\/eipe\/index.php?rest_route=\/wp\/v2\/types\/page"}],"author":[{"embeddable":true,"href":"https:\/\/eventos.esec.pt\/eipe\/index.php?rest_route=\/wp\/v2\/users\/5"}],"replies":[{"embeddable":true,"href":"https:\/\/eventos.esec.pt\/eipe\/index.php?rest_route=%2Fwp%2Fv2%2Fcomments&post=241"}],"version-history":[{"count":8,"href":"https:\/\/eventos.esec.pt\/eipe\/index.php?rest_route=\/wp\/v2\/pages\/241\/revisions"}],"predecessor-version":[{"id":318,"href":"https:\/\/eventos.esec.pt\/eipe\/index.php?rest_route=\/wp\/v2\/pages\/241\/revisions\/318"}],"wp:attachment":[{"href":"https:\/\/eventos.esec.pt\/eipe\/index.php?rest_route=%2Fwp%2Fv2%2Fmedia&parent=241"}],"curies":[{"name":"wp","href":"https:\/\/api.w.org\/{rel}","templated":true}]}}