{"id":77,"date":"2023-04-17T14:32:06","date_gmt":"2023-04-17T14:32:06","guid":{"rendered":"https:\/\/eventos.esec.pt\/cises\/?page_id=77"},"modified":"2023-09-15T10:09:51","modified_gmt":"2023-09-15T10:09:51","slug":"programa","status":"publish","type":"page","link":"https:\/\/eventos.esec.pt\/cises\/programa\/","title":{"rendered":"Programa"},"content":{"rendered":"\n<h1 class=\"wp-block-heading\">Programa<\/h1>\n\n\n\n<div class=\"wp-block-group\"><div class=\"wp-block-group__inner-container is-layout-constrained wp-block-group-is-layout-constrained\">\n<figure class=\"wp-block-table is-style-stripes\"><table class=\"has-fixed-layout\"><thead><tr><th><\/th><th><strong>14\/09\/2023<\/strong> <br><strong>5.\u00aa feira<\/strong><\/th><th><strong>15\/09\/2023<\/strong> <br><strong>6.\u00aa feira<\/strong><\/th><th><strong>16\/09\/2023<\/strong><br><strong>s\u00e1bado<\/strong><\/th><\/tr><\/thead><tbody><tr><td>8:30<\/td><td>ABERTURA DO SECRETARIADO<\/td><td><\/td><td><\/td><\/tr><tr><td>9:00<\/td><td><strong>MOMENTO MUSICAL<\/strong><br><strong>H\u00e9lder Bruno Martins<\/strong><\/td><td><strong>COMUNICA\u00c7\u00d5ES\/RELATO DE PR\u00c1TICAS<\/strong><\/td><td><strong>COMUNICA\u00c7\u00d5ES\/RELATO DE PR\u00c1TICAS &nbsp;<\/strong><\/td><\/tr><tr><td><br><br><\/td><td><strong>SESS\u00c3O DE ABERTURA<\/strong><br><br><strong>Daniel Gomes<\/strong> &#8211; Vice-Presidente do IPC<br><strong>Rui Antunes<\/strong> &#8211; Presidente da ESEC<br><strong>M\u00e1rio Velindro<\/strong> &#8211; Presidente do ISEC<br><strong>Helena Ara\u00fajo S\u00e1<\/strong> &#8211; Coordenadora do CIDTFF<br><strong>Filomena Teixeira<\/strong> \u2013 Comiss\u00e3o Organizadora VII CISES<\/td><td><br><br>\u00bb <span style=\"text-decoration: underline;\"><a href=\"https:\/\/eventos.esec.pt\/cises\/wp-content\/uploads\/2023\/09\/SESSAO-PARALELA-3.pdf\" data-type=\"link\" data-id=\"https:\/\/eventos.esec.pt\/cises\/wp-content\/uploads\/2023\/09\/SESSAO-PARALELA-3.pdf\">Sess\u00e3o paralela 3<\/a><\/span> <br>(Sala M0S3 &#8211; Dep. Eng\u00aa Mec\u00e2nica)<br><br>\u00bb <span style=\"text-decoration: underline;\"><a href=\"https:\/\/eventos.esec.pt\/cises\/wp-content\/uploads\/2023\/09\/SESSAO-PARALELA-4.pdf\" data-type=\"link\" data-id=\"https:\/\/eventos.esec.pt\/cises\/wp-content\/uploads\/2023\/09\/SESSAO-PARALELA-4.pdf\">Sess\u00e3o paralela 4<\/a><\/span><br>(Sala M0S1 &#8211; Dep. Eng\u00aa Mec\u00e2nica)<\/td><td><br><br>\u00bb <span style=\"text-decoration: underline;\"><a href=\"https:\/\/eventos.esec.pt\/cises\/wp-content\/uploads\/2023\/09\/SESSAO-PARALELA-5.pdf\" data-type=\"link\" data-id=\"https:\/\/eventos.esec.pt\/cises\/wp-content\/uploads\/2023\/09\/SESSAO-PARALELA-5.pdf\">Sess\u00e3o paralela 5<\/a><\/span><br> (Sala M0A1 &#8211; Dep. Eng\u00aa Mec\u00e2nica)<br><br>\u00bb <span style=\"text-decoration: underline;\"><a href=\"https:\/\/eventos.esec.pt\/cises\/wp-content\/uploads\/2023\/09\/SESSAO-PARALELA-6.pdf\" data-type=\"link\" data-id=\"https:\/\/eventos.esec.pt\/cises\/wp-content\/uploads\/2023\/09\/SESSAO-PARALELA-6.pdf\">Sess\u00e3o paralela 6<\/a><\/span><br>(Sala M0A2 &#8211; Dep. Eng\u00aa Mec\u00e2nica)<\/td><\/tr><tr><td>10:00-10:40<\/td><td><strong>CONFER\u00caNCIA DE ABERTURA<\/strong><br><br><em>Monogamia, dissid\u00eancia e ordem p\u00fablica: notas desde Brasil<\/em><br><strong>Pablo P\u00e9rez Navarro<\/strong> \u2013<strong> <\/strong>CES\/UFBA<br><strong>&nbsp;<\/strong><br><strong>Modera\u00e7\u00e3o: &nbsp;Ana Cl\u00e1udia Bortolozzi<\/strong><\/td><td><\/td><td><\/td><\/tr><tr><td>10:45-11:15<\/td><td colspan=\"3\">PAUSA &#8211; CAF\u00c9<\/td><\/tr><tr><td>11:15-13:00<\/td><td><strong>MESA REDONDA 1 <\/strong><br>SEXUALIDADE | SA\u00daDE | DIREITOS HUMANOS<br><br><br><em>A complexidade da viol\u00eancia sexualizada futuro da humanidade<\/em><br><strong>Margarida Medina Martins &#8211; <\/strong>Presidente AMCV<br>&nbsp;<br><em>Direitos humanos no mundo do direito (multin\u00edvel)<\/em><br><strong>Paula Veiga <\/strong>\u2013 UC<br>&nbsp;<br><em>Mutila\u00e7\u00e3o genital feminina: Direito \u00e0 voz e seguran\u00e7a<\/em><br><strong>Sona Fati<\/strong> \u2013 Embaixadora da Guin\u00e9 da End FGM European Network<br><strong>&nbsp;<\/strong><br><em>Queerizar a sa\u00fade: pr\u00e1ticas para uma transforma\u00e7\u00e3o coletiva<\/em><br><strong>Mara Pieri<\/strong>&nbsp; &#8211; CES\/UC<br><br><strong>Modera\u00e7\u00e3o: Teresa Vila\u00e7a<\/strong><\/td><td><strong>MESA REDONDA 4<\/strong> <br>SEXUALIDADE | G\u00c9NERO | MEDIA<br><br><br><em>Transmedia Gender &amp; LGBTI+ Literacy: Young People Learning abous Sexualities Through Media<\/em><br><strong>Maria-Jose Masanet &#8211; <\/strong>UB<br><strong>&nbsp;<\/strong><br><em>Telas, inf\u00e2ncia e desigualdades de g\u00eanero: os desafios da literacia medi\u00e1tica antissexista<\/em><br><strong>Cl\u00e1udia Prioste \u2013 <\/strong>UNESP<br><strong>&nbsp;<\/strong><br><em>Relacionando dois momentos liberalizantes da sexualidade no Portugal do s\u00e9culo XX: 1910-1920 e 1960-1970<\/em><br><strong>Isabel Freire<\/strong><br><strong>&nbsp;<\/strong><br><strong>Modera\u00e7\u00e3o: Cristina Vieira<\/strong><\/td><td><strong>MESA REDONDA 8 <\/strong><br>SEXUALIDADE | G\u00c9NERO | CIDADANIA: POL\u00cdTICAS P\u00daBLICAS E ATIVISMOS <br><br><em>Avan\u00e7os e resist\u00eancias \u00e0s pol\u00edticas de igualdade na \u00e1rea das sexualidades e dos direitos humanos das mulheres: o caso viol\u00eancia sexual<\/em><br><strong>Rosa Monteiro <\/strong>\u2013 UC<br><strong>&nbsp;<\/strong><br><em>Educa\u00e7\u00e3o sexual nas escolas: um caminho para o acesso a direitos de cidadania sexual e \u00edntima<\/em><br><strong>Sofia Almeida Santos-<\/strong> CIIE\/ UP<br><strong>&nbsp;<\/strong><br><em>Pol\u00edticas de Apoio Comunit\u00e1rio \u00e0 popula\u00e7\u00e3o Trans<\/em><br><strong>Daniela Bento \u2013 <\/strong>ILGA<br>&nbsp;<br><em>Ampliando Amor &#8211; o caminho das fam\u00edlias<\/em><br><strong>Alexandra Teixeira<\/strong> \u2013 AMPLOS<br>&nbsp;<br><strong>Modera\u00e7\u00e3o: Ana Rodrigues<\/strong><\/td><\/tr><tr><td>13:00-14:30<\/td><td colspan=\"3\">ALMO\u00c7O<\/td><\/tr><tr><td>14:30-16:30<\/td><td><strong>MESA REDONDA 2 <\/strong><br>SEXUALIDADE | G\u00c9NERO | DIVERSIDADE SEXUAL<br><br><em>\u201cIdeologia de G\u00e9nero\u201d, Pol\u00edticas de Educa\u00e7\u00e3o e Direitos Humanos<\/em><br><strong>Fernando Cascais \u2013 <\/strong>UNL<br><strong>&nbsp;<\/strong><br><em>A repress\u00e3o policial a homossexuais em Lisboa durante o Estado Novo<\/em><br><strong>Raquel Afonso \u2013 <\/strong>UNL<br><strong>&nbsp;<\/strong><br><em>Contra-narrativas desde las pedagog\u00edas feministas interseccionales para una educaci\u00f3n en sexualidad integral<\/em><br><strong>Irene Martinez \u2013 <\/strong>UMa<br>&nbsp;<br><strong>Modera\u00e7\u00e3o: Paula Ribeiro<\/strong><\/td><td><strong>MESA REDONDA 5<\/strong> <br>CORPO | EROTISMO | SEXUALIDADE<br><br><em>Femvertising: A publicidade pode contribuir para o empoderamento da mulher na sociedade?<\/em><br><strong>Jorge Ver\u00edssimo \u2013 <\/strong>ESCS\/IPL<br>&nbsp;<br><em>O duplo problema da pornografia gay na arte: liberdade de express\u00e3o e diversidade sexual.<\/em><br><strong>Bruno Marques<\/strong>&nbsp; &#8211; UNL<br>&nbsp;<br><strong>Modera\u00e7\u00e3o: Paulo Rennes<\/strong><\/td><td><strong>VISITA<\/strong> <strong>GUIADA<\/strong><br><br><br><br><span style=\"text-decoration: underline;\"><a href=\"https:\/\/museu.cm-coimbra.pt\/\" data-type=\"link\" data-id=\"https:\/\/museu.cm-coimbra.pt\/\">Museu Municipal de Coimbra | Centro de Arte Contempor\u00e2nea de Coimbra | Torre de Almedina e N\u00facleo da Cidade Muralhada<\/a><\/span><br><br><br><\/td><\/tr><tr><td>16:30-17:00<\/td><td colspan=\"3\">PAUSA &#8211; CAF\u00c9<\/td><\/tr><tr><td>17:00-18:30<\/td><td><strong>COMUNICA\u00c7\u00d5ES\/RELATO DE PR\u00c1TICAS<\/strong><br><br><br><br>\u00bb <span style=\"text-decoration: underline;\"><a href=\"https:\/\/eventos.esec.pt\/cises\/wp-content\/uploads\/2023\/09\/SESSAO-PARALELA-1.pdf\" data-type=\"link\" data-id=\"https:\/\/eventos.esec.pt\/cises\/wp-content\/uploads\/2023\/09\/SESSAO-PARALELA-1.pdf\">Sess\u00e3o paralela 1<\/a><\/span><br>(Sala M0A1 &#8211; Dep. Eng\u00aa Mec\u00e2nica)<br><br>\u00bb <span style=\"text-decoration: underline;\"><a href=\"https:\/\/eventos.esec.pt\/cises\/wp-content\/uploads\/2023\/09\/SESSAO-PARALELA-2.pdf\" data-type=\"link\" data-id=\"https:\/\/eventos.esec.pt\/cises\/wp-content\/uploads\/2023\/09\/SESSAO-PARALELA-2.pdf\">Sess\u00e3o paralela 2<\/a><\/span><br>(Sala M0A2 &#8211; Dep. Eng\u00aa Mec\u00e2nica)<\/td><td><strong>MESA REDONDA 6 <\/strong><br>SEXUALIDADE | EDUCA\u00c7\u00c3O SEXUAL | FORMA\u00c7\u00c3O DE PROFESSORES\/AS<br><br><em>La Educaci\u00f3n Sexual Integral en la Formaci\u00f3n Docente en Argentina. Una constante articulaci\u00f3n entre militancia, academia y estado.<\/em><br><strong>Graciela Morgade \u2013 <\/strong>UBA<br>&nbsp;<br><em>Cultura escolar e direitos humanos no Brasil: g\u00eanero, diversidade sexual e p\u00e2nicos morais<\/em><br><strong>Fernando Seffner \u2013 <\/strong>UFRGS<br>&nbsp;<br><em>Estrategias para el aprendizaje de la competencia en sexualidas e igualdad en la formaci\u00f3n inicial docente.<\/em><br><strong>Maria Teresa Bejarano- <\/strong>UCLM<br><strong>&nbsp;<\/strong><br><strong>Modera\u00e7\u00e3o: Isabel Martins<\/strong><\/td><td><strong>CONFER\u00caNCIA DE ENCERRAMENTO <\/strong><br><br><br><br><em>Jovens LGBTQ+ na escola: risco e resili\u00eancia.<\/em><br><strong>Jorge Gato \u2013 <\/strong>FPCE\/UP<br><strong>&nbsp;<\/strong><br><strong>Modera\u00e7\u00e3o: Isabel Chagas<\/strong><br>&nbsp;<br>DECLARA\u00c7\u00c3O DE COIMBRA<br><strong>Isabel Martins &#8211; <\/strong>UA&nbsp; &nbsp; <br><br><\/td><\/tr><tr><td>18:30<\/td><td>PORTO DE HONRA<\/td><td>Desloca\u00e7\u00e3o para o <span style=\"text-decoration: underline;\"><a href=\"https:\/\/www.facebook.com\/centroculturalpenedosaudade\/\" data-type=\"link\" data-id=\"https:\/\/www.facebook.com\/centroculturalpenedosaudade\/\">Centro Cultural Penedo da Saudade<\/a><\/span><\/td><td><strong>SESS\u00c3O DE ENCERRAMENTO<\/strong><br><br><strong>Jos\u00e9 Manuel Silva &#8211;<\/strong> Presidente CMC<br><strong>C\u00e9sar Nogueira<\/strong> &#8211; Vice-Presidente da ESEC<br>Comiss\u00e3o Organizadora VII CISES<br>Comiss\u00e3o Organizadora VIII CISES<\/td><\/tr><tr><td>19:00\u201320:30<\/td><td><strong>MESA REDONDA 3<\/strong> <br>HIST\u00d3RIA DAS MULHERES E G\u00c9NERO<br><br><br><br><em>Educa\u00e7\u00e3o, investiga\u00e7\u00e3o e direitos das mulheres: para al\u00e9m da ret\u00f3rica discursiva<\/em><br><strong>Cristina Vieira <\/strong>\u2013 FPCEUC<br>&nbsp;<br><em>&#8220;Elas tiveram medo e foram e n\u00e3o foram&#8221;&#8230; e v\u00e3o<\/em><br><strong>Rita Rato <\/strong>\u2013 Museu Aljube<br>&nbsp;<br><em>Viol\u00eancia sexual e de g\u00e9nero<\/em><br><strong>Nat\u00e1lia Cardoso \u2013 <\/strong>APAV<br><br><strong>Modera\u00e7\u00e3o:<\/strong> <strong>Filomena Teixeira<\/strong><br><br><br><br>VISITA \u00c0 EXPOSI\u00c7\u00c3O <a href=\"https:\/\/eventos.esec.pt\/cises\/wp-content\/uploads\/2023\/09\/folha-salsa-MULHERES-E-RESISTENCIA.pdf\" data-type=\"link\" data-id=\"https:\/\/eventos.esec.pt\/cises\/wp-content\/uploads\/2023\/09\/folha-salsa-MULHERES-E-RESISTENCIA.pdf\">&#8220;<em>Mulheres e Resist\u00eancia \u2013 Novas Cartas Portuguesas e outras lutas<\/em>&#8221; &nbsp;<\/a><\/td><td><strong>MESA REDONDA 7<\/strong><br>MUSEOLOGIA | G\u00c9NERO | DIVERSIDADE SEXUAL<br>Local: <a href=\"https:\/\/www.facebook.com\/centroculturalpenedosaudade\/\"><span style=\"text-decoration: underline;\">Centro Cultural Penedo da Saudade<\/span><\/a><br><br><em>Trabalhar na (in)visibilidade<\/em><br><strong>Ricardo Carvalho<\/strong><br><strong>&nbsp;<\/strong><br><em>Ainda \u00e9 importante, sempre mais do que nunca<\/em><br><strong>Rita Rato &#8211; <\/strong>&nbsp;Museu Aljube<br><strong>&nbsp;<\/strong><br><em>A import\u00e2ncia da Programa\u00e7\u00e3o Cultural para&nbsp; a modela\u00e7\u00e3o de valores de igualdade<\/em><br><strong>Cristina Faria \u2013 <\/strong>IPC<br><br><strong>Modera\u00e7\u00e3o:<\/strong> <strong>Fernando Seffner<\/strong><br><br><br>VISITA \u00c0 EXPOSI\u00c7\u00c3O <a href=\"https:\/\/eventos.esec.pt\/cises\/wp-content\/uploads\/2023\/09\/Folha-de-Sala-final.jpg\" data-type=\"link\" data-id=\"https:\/\/eventos.esec.pt\/cises\/wp-content\/uploads\/2023\/09\/Folha-de-Sala-final.jpg\">&#8220;<em>Adeus, P\u00e1tria e Fam\u00edlia<\/em><\/a>&#8220;<\/td><td><strong>MOMENTO MUSICAL<\/strong><br>C\u00e9sar Nogueira e \u00c1lvaro Aroso<\/td><\/tr><tr><td>21:00<\/td><td><\/td><td>JANTAR DO CONGRESSO<br>Apontamento coral pelo Coro do Polit\u00e9cnico de Coimbra<\/td><td><\/td><\/tr><\/tbody><\/table><\/figure>\n<\/div><\/div>\n","protected":false},"excerpt":{"rendered":"<p>Programa 14\/09\/2023 5.\u00aa feira 15\/09\/2023 6.\u00aa feira 16\/09\/2023s\u00e1bado 8:30 ABERTURA DO SECRETARIADO 9:00 MOMENTO MUSICALH\u00e9lder Bruno Martins COMUNICA\u00c7\u00d5ES\/RELATO DE PR\u00c1TICAS COMUNICA\u00c7\u00d5ES\/RELATO DE PR\u00c1TICAS &nbsp; SESS\u00c3O&hellip;<\/p>\n","protected":false},"author":1,"featured_media":0,"parent":0,"menu_order":0,"comment_status":"closed","ping_status":"closed","template":"","meta":{"footnotes":"[]"},"class_list":["post-77","page","type-page","status-publish","hentry"],"_links":{"self":[{"href":"https:\/\/eventos.esec.pt\/cises\/wp-json\/wp\/v2\/pages\/77","targetHints":{"allow":["GET"]}}],"collection":[{"href":"https:\/\/eventos.esec.pt\/cises\/wp-json\/wp\/v2\/pages"}],"about":[{"href":"https:\/\/eventos.esec.pt\/cises\/wp-json\/wp\/v2\/types\/page"}],"author":[{"embeddable":true,"href":"https:\/\/eventos.esec.pt\/cises\/wp-json\/wp\/v2\/users\/1"}],"replies":[{"embeddable":true,"href":"https:\/\/eventos.esec.pt\/cises\/wp-json\/wp\/v2\/comments?post=77"}],"version-history":[{"count":68,"href":"https:\/\/eventos.esec.pt\/cises\/wp-json\/wp\/v2\/pages\/77\/revisions"}],"predecessor-version":[{"id":590,"href":"https:\/\/eventos.esec.pt\/cises\/wp-json\/wp\/v2\/pages\/77\/revisions\/590"}],"wp:attachment":[{"href":"https:\/\/eventos.esec.pt\/cises\/wp-json\/wp\/v2\/media?parent=77"}],"curies":[{"name":"wp","href":"https:\/\/api.w.org\/{rel}","templated":true}]}}