{"id":47,"date":"2023-04-13T11:07:58","date_gmt":"2023-04-13T11:07:58","guid":{"rendered":"https:\/\/eventos.esec.pt\/cises\/?page_id=47"},"modified":"2023-06-29T15:06:36","modified_gmt":"2023-06-29T15:06:36","slug":"submissoes","status":"publish","type":"page","link":"https:\/\/eventos.esec.pt\/cises\/submissoes\/","title":{"rendered":"Submiss\u00f5es"},"content":{"rendered":"\n<div class=\"wp-block-columns is-layout-flex wp-container-core-columns-is-layout-9d6595d7 wp-block-columns-is-layout-flex\">\n<div class=\"wp-block-column is-layout-flow wp-block-column-is-layout-flow\" style=\"flex-basis:33.33%\"><\/div>\n\n\n\n<div class=\"wp-block-column is-layout-flow wp-block-column-is-layout-flow\" style=\"flex-basis:66.66%\">\n<p><strong>Submiss\u00e3o de textos de comunica\u00e7\u00e3o (Trabalhos de investiga\u00e7\u00e3o, relato de pr\u00e1ticas)<\/strong> a enviar para <a rel=\"noreferrer noopener\" href=\"mailto:cises@esec.pt\" target=\"_blank\">cises@esec.pt<\/a><\/p>\n\n\n\n<h3 class=\"wp-block-heading\">Normas<\/h3>\n\n\n\n<ul class=\"wp-block-list\">\n<li>Ser\u00e3o aceites comunica\u00e7\u00f5es de <strong>trabalhos de investiga\u00e7\u00e3o<\/strong> ou <strong>relatos de pr\u00e1ticas<\/strong> integrados nos eixos tem\u00e1ticos do <a href=\"https:\/\/eventos.esec.pt\/cises\" data-type=\"URL\" data-id=\"https:\/\/eventos.esec.pt\/cises\">Encontro (A a G)<\/a>.<\/li>\n\n\n\n<li>As comunica\u00e7\u00f5es ser\u00e3o submetidas em formato de artigo cient\u00edfico de 3 a 5 p\u00e1ginas, numa das seguintes l\u00ednguas: portugu\u00eas, espanhol ou ingl\u00eas.<\/li>\n\n\n\n<li>No ato de submiss\u00e3o das comunica\u00e7\u00f5es dever\u00e1 ser declarada a originalidade do artigo cient\u00edfico e autorizada a sua publica\u00e7\u00e3o em e-book.<\/li>\n\n\n\n<li>Todas as comunica\u00e7\u00f5es ser\u00e3o sujeitas a revis\u00e3o por pares.<\/li>\n\n\n\n<li>As comunica\u00e7\u00f5es aceites s\u00f3 ser\u00e3o consideradas ap\u00f3s a inscri\u00e7\u00e3o de, pelo menos, um\/a dos\/as autores\/as, at\u00e9 ao dia 30 de junho de 2023.<\/li>\n\n\n\n<li>No caso de autoria colaborativa, apenas um dos autores ou autoras ser\u00e1 respons\u00e1vel pela apresenta\u00e7\u00e3o da comunica\u00e7\u00e3o, devendo essa indica\u00e7\u00e3o ser feita aquando da submiss\u00e3o. A inscri\u00e7\u00e3o do autor ou autora respons\u00e1vel pela apresenta\u00e7\u00e3o da comunica\u00e7\u00e3o dever\u00e1 estar formalizada at\u00e9 30 de junho.<\/li>\n\n\n\n<li>Cada autor ou autora apenas pode ser respons\u00e1vel pela apresenta\u00e7\u00e3o de duas comunica\u00e7\u00f5es, embora possa participar em outras coautorias.<\/li>\n\n\n\n<li>Os artigos cient\u00edficos submetidos e aceites ser\u00e3o publicados num e-book.<\/li>\n<\/ul>\n\n\n\n<p class=\"has-background\" style=\"background-color:#f4f4f4\">Os artigos cient\u00edficos de <strong>trabalhos de investiga\u00e7\u00e3o<\/strong> ser\u00e3o estruturados da seguinte forma:<\/p>\n\n\n\n<ul class=\"wp-block-list\">\n<li>T\u00edtulo<\/li>\n\n\n\n<li>Resumo e abstract (m\u00e1ximo 250 palavras)<\/li>\n\n\n\n<li>Palavras-chave (3 a 5)<\/li>\n\n\n\n<li>Introdu\u00e7\u00e3o<\/li>\n\n\n\n<li>Metodologia<\/li>\n\n\n\n<li>Resultados<\/li>\n\n\n\n<li>Conclus\u00f5es<\/li>\n\n\n\n<li>Refer\u00eancias bibliogr\u00e1ficas<\/li>\n<\/ul>\n\n\n\n<p>Template para submiss\u00e3o de comunica\u00e7\u00f5es de trabalhos de investiga\u00e7\u00e3o.<\/p>\n\n\n\n<div class=\"wp-block-buttons is-layout-flex wp-block-buttons-is-layout-flex\">\n<div class=\"wp-block-button is-style-outline is-style-outline--1\"><a class=\"wp-block-button__link wp-element-button\" href=\"https:\/\/eventos.esec.pt\/cises\/wp-content\/uploads\/2023\/04\/TRABALHOS-DE-INVESTIGAC\u0327A\u0303O-VII-CISES-Template.docx\" target=\"_blank\" rel=\"noreferrer noopener\">Descarregar<\/a><\/div>\n<\/div>\n\n\n\n<div style=\"height:53px\" aria-hidden=\"true\" class=\"wp-block-spacer\"><\/div>\n\n\n\n<p class=\"has-background\" style=\"background-color:#f4f4f4\">Os artigos cient\u00edficos de <strong>relatos de pr\u00e1ticas<\/strong> ser\u00e3o estruturados da seguinte forma:<\/p>\n\n\n\n<ul class=\"wp-block-list\">\n<li>T\u00edtulo<\/li>\n\n\n\n<li>Resumo e abstract (m\u00e1ximo 250 palavras)<\/li>\n\n\n\n<li>Palavras-chave (3 a 5)<\/li>\n\n\n\n<li>Introdu\u00e7\u00e3o<\/li>\n\n\n\n<li>Descri\u00e7\u00e3o da implementa\u00e7\u00e3o<\/li>\n\n\n\n<li>Resultados<\/li>\n\n\n\n<li>Conclus\u00f5es<\/li>\n\n\n\n<li>Refer\u00eancias bibliogr\u00e1ficas<\/li>\n<\/ul>\n\n\n\n<p>Template para submiss\u00e3o de comunica\u00e7\u00f5es de relatos de pr\u00e1ticas.<\/p>\n\n\n\n<div class=\"wp-block-buttons is-layout-flex wp-block-buttons-is-layout-flex\">\n<div class=\"wp-block-button is-style-outline is-style-outline--2\"><a class=\"wp-block-button__link wp-element-button\" href=\"https:\/\/eventos.esec.pt\/cises\/wp-content\/uploads\/2023\/04\/RELATO-PRATICAS-VII-CISES-Template.docx\" target=\"_blank\" rel=\"noreferrer noopener\">Descarregar<\/a><\/div>\n<\/div>\n\n\n\n<hr class=\"wp-block-separator has-alpha-channel-opacity\"\/>\n\n\n\n<p><strong>Os artigos cient\u00edficos devem cumprir as normas de estilo constantes nos templates, a saber:<\/strong><\/p>\n\n\n\n<ul class=\"wp-block-list\">\n<li>ficheiro word<\/li>\n\n\n\n<li>p\u00e1gina de formato A4, orienta\u00e7\u00e3o vertical, margens 2,5cm<\/li>\n\n\n\n<li>fonte Times New Roman (t\u00edtulo, tamanho 14, negrito, centrado; t\u00edtulos e subt\u00edtulos de cap\u00edtulo, tamanho 12, negrito, alinhado \u00e0 esquerda; corpo, tamanho 12, justificado)<\/li>\n\n\n\n<li>espa\u00e7amento simples<\/li>\n\n\n\n<li>normas da APA ( 7\u00aa ed.)nas cita\u00e7\u00f5es, refer\u00eancias, figuras e tabelas<\/li>\n\n\n\n<li>figuras e gr\u00e1ficos numerados e legendados (tamanho 11, centrado)<\/li>\n\n\n\n<li>tabelas e quadros numerados e titulados (tamanho 11, centrado)<\/li>\n<\/ul>\n<\/div>\n<\/div>\n","protected":false},"excerpt":{"rendered":"<p>Submiss\u00e3o de textos de comunica\u00e7\u00e3o (Trabalhos de investiga\u00e7\u00e3o, relato de pr\u00e1ticas) a enviar para cises@esec.pt Normas Os artigos cient\u00edficos de trabalhos de investiga\u00e7\u00e3o ser\u00e3o estruturados&hellip;<\/p>\n","protected":false},"author":1,"featured_media":0,"parent":0,"menu_order":0,"comment_status":"closed","ping_status":"closed","template":"","meta":{"footnotes":""},"class_list":["post-47","page","type-page","status-publish","hentry"],"_links":{"self":[{"href":"https:\/\/eventos.esec.pt\/cises\/wp-json\/wp\/v2\/pages\/47","targetHints":{"allow":["GET"]}}],"collection":[{"href":"https:\/\/eventos.esec.pt\/cises\/wp-json\/wp\/v2\/pages"}],"about":[{"href":"https:\/\/eventos.esec.pt\/cises\/wp-json\/wp\/v2\/types\/page"}],"author":[{"embeddable":true,"href":"https:\/\/eventos.esec.pt\/cises\/wp-json\/wp\/v2\/users\/1"}],"replies":[{"embeddable":true,"href":"https:\/\/eventos.esec.pt\/cises\/wp-json\/wp\/v2\/comments?post=47"}],"version-history":[{"count":15,"href":"https:\/\/eventos.esec.pt\/cises\/wp-json\/wp\/v2\/pages\/47\/revisions"}],"predecessor-version":[{"id":342,"href":"https:\/\/eventos.esec.pt\/cises\/wp-json\/wp\/v2\/pages\/47\/revisions\/342"}],"wp:attachment":[{"href":"https:\/\/eventos.esec.pt\/cises\/wp-json\/wp\/v2\/media?parent=47"}],"curies":[{"name":"wp","href":"https:\/\/api.w.org\/{rel}","templated":true}]}}