{"id":2,"date":"2023-04-12T14:30:20","date_gmt":"2023-04-12T14:30:20","guid":{"rendered":"https:\/\/eventos.esec.pt\/cises\/?page_id=2"},"modified":"2023-09-13T11:36:23","modified_gmt":"2023-09-13T11:36:23","slug":"comissoes","status":"publish","type":"page","link":"https:\/\/eventos.esec.pt\/cises\/comissoes\/","title":{"rendered":"Comiss\u00f5es"},"content":{"rendered":"\n<div class=\"wp-block-columns is-layout-flex wp-container-core-columns-is-layout-9d6595d7 wp-block-columns-is-layout-flex\">\n<div class=\"wp-block-column is-layout-flow wp-block-column-is-layout-flow\" style=\"flex-basis:33.33%\"><\/div>\n\n\n\n<div class=\"wp-block-column is-layout-flow wp-block-column-is-layout-flow\" style=\"flex-basis:66.67%\">\n<h2 class=\"wp-block-heading\">Comiss\u00e3o Organizadora<\/h2>\n\n\n\n<figure class=\"wp-block-gallery has-nested-images columns-4 is-cropped wp-block-gallery-9 is-layout-flex wp-block-gallery-is-layout-flex\">\n<figure class=\"wp-block-image size-large is-style-rounded wp-duotone-000000-ffffff-1\"><img loading=\"lazy\" decoding=\"async\" width=\"400\" height=\"400\" data-id=\"327\" src=\"https:\/\/eventos.esec.pt\/cises\/wp-content\/uploads\/2023\/06\/08-filomena.jpg\" alt=\"\" class=\"wp-image-327\"\/><figcaption class=\"wp-element-caption\">Filomena Teixeira (Presidente) (ESE\/IPC | CIDTFF\/U. Aveiro Portugal)<\/figcaption><\/figure>\n\n\n\n<figure class=\"wp-block-image size-large is-style-rounded wp-duotone-000000-ffffff-2\"><img loading=\"lazy\" decoding=\"async\" width=\"400\" height=\"400\" data-id=\"326\" src=\"https:\/\/eventos.esec.pt\/cises\/wp-content\/uploads\/2023\/06\/07-imartins.jpg\" alt=\"\" class=\"wp-image-326\"\/><figcaption class=\"wp-element-caption\">Isabel P. Martins (U. Aveiro \u2013Portugal)<\/figcaption><\/figure>\n\n\n\n<figure class=\"wp-block-image size-large is-style-rounded wp-duotone-000000-ffffff-3\"><img loading=\"lazy\" decoding=\"async\" width=\"400\" height=\"400\" data-id=\"321\" src=\"https:\/\/eventos.esec.pt\/cises\/wp-content\/uploads\/2023\/06\/02-Paulo-rennes.jpg\" alt=\"\" class=\"wp-image-321\"\/><figcaption class=\"wp-element-caption\">Paulo Rennes Mar\u00e7al Ribeiro (UNESP \u2013Brasil)<\/figcaption><\/figure>\n\n\n\n<figure class=\"wp-block-image size-large is-style-rounded wp-duotone-000000-ffffff-4\"><img loading=\"lazy\" decoding=\"async\" width=\"400\" height=\"400\" data-id=\"322\" src=\"https:\/\/eventos.esec.pt\/cises\/wp-content\/uploads\/2023\/06\/06-isabel-chagas.jpg\" alt=\"\" class=\"wp-image-322\"\/><figcaption class=\"wp-element-caption\">Isabel Chagas (U. Lisboa \u2013Portugal)<\/figcaption><\/figure>\n\n\n\n<figure class=\"wp-block-image size-large is-style-rounded wp-duotone-000000-ffffff-5\"><img loading=\"lazy\" decoding=\"async\" width=\"400\" height=\"400\" data-id=\"325\" src=\"https:\/\/eventos.esec.pt\/cises\/wp-content\/uploads\/2023\/06\/04-ana-claudia-b.jpg\" alt=\"\" class=\"wp-image-325\"\/><figcaption class=\"wp-element-caption\">Ana Cl\u00e1udia Bortolozzi (UNESP \u2013Brasil)<\/figcaption><\/figure>\n\n\n\n<figure class=\"wp-block-image size-large is-style-rounded wp-duotone-000000-ffffff-6\"><img loading=\"lazy\" decoding=\"async\" width=\"400\" height=\"400\" data-id=\"324\" src=\"https:\/\/eventos.esec.pt\/cises\/wp-content\/uploads\/2023\/06\/05-teresa-vilaca.jpg\" alt=\"\" class=\"wp-image-324\"\/><figcaption class=\"wp-element-caption\">Teresa Vila\u00e7a (U. Minho \u2013Portugal)<\/figcaption><\/figure>\n\n\n\n<figure class=\"wp-block-image size-large is-style-rounded wp-duotone-000000-ffffff-7\"><img loading=\"lazy\" decoding=\"async\" width=\"400\" height=\"400\" data-id=\"323\" src=\"https:\/\/eventos.esec.pt\/cises\/wp-content\/uploads\/2023\/06\/03-celia-rossi.jpg\" alt=\"\" class=\"wp-image-323\"\/><figcaption class=\"wp-element-caption\">C\u00e9lia Regina Rossi (UNESP \u2013Brasil)<\/figcaption><\/figure>\n\n\n\n<figure class=\"wp-block-image size-large is-style-rounded wp-duotone-000000-ffffff-8\"><img loading=\"lazy\" decoding=\"async\" width=\"400\" height=\"400\" data-id=\"320\" src=\"https:\/\/eventos.esec.pt\/cises\/wp-content\/uploads\/2023\/06\/01-Sonia-Melo.jpg\" alt=\"\" class=\"wp-image-320\"\/><figcaption class=\"wp-element-caption\">S\u00f3nia Maria Martins de Melo (UDESC \u2013Brasil)<\/figcaption><\/figure>\n<\/figure>\n<\/div>\n<\/div>\n\n\n\n<div class=\"wp-block-columns is-layout-flex wp-container-core-columns-is-layout-9d6595d7 wp-block-columns-is-layout-flex\">\n<div class=\"wp-block-column is-layout-flow wp-block-column-is-layout-flow\">\n<h2 class=\"wp-block-heading\">Comiss\u00e3o Cient\u00edfica Honor\u00e1ria<\/h2>\n\n\n\n<ul class=\"wp-block-list\">\n<li>Joaquim Machado Caetano (Universidade Nova de Lisboa, Portugal)<\/li>\n\n\n\n<li>F\u00e9lix L\u00f3pez Sanchez (Universidad de Salamanca, Espanha)<\/li>\n\n\n\n<li>Lu\u00edsa Veiga (Instituto Polit\u00e9cnico de Coimbra, Portugal)<\/li>\n\n\n\n<li>Teresa Oliveira (Universidade de Lisboa, Portugal)<\/li>\n<\/ul>\n<\/div>\n\n\n\n<div class=\"wp-block-column is-layout-flow wp-block-column-is-layout-flow\">\n<h2 class=\"wp-block-heading\">Comiss\u00e3o Cient\u00edfica<\/h2>\n\n\n\n<ul class=\"wp-block-list\">\n<li>Filomena Teixeira (Instituto Polit\u00e9cnico de Coimbra, Portugal)<\/li>\n\n\n\n<li>Ana Cl\u00e1udia Bortolozzi (Universidade Estadual Paulista, Brasil)<\/li>\n\n\n\n<li>Ana Frias (Instituto Polit\u00e9cnico de Coimbra, Portugal)<\/li>\n\n\n\n<li>Ana V. Rodrigues (Universidade de Aveiro, Portugal)<\/li>\n\n\n\n<li>Andreza Le\u00e3o (Universidade Estadual Paulista, Brasil)<\/li>\n\n\n\n<li>Cec\u00edlia Galv\u00e3o (Universidade de Lisboa, Portugal)<\/li>\n\n\n\n<li>C\u00e9lia Regina Rossi (Universidade Estadual Paulista, Brasil)<\/li>\n\n\n\n<li>Cl\u00e1udia Dias Prioste (Universidade Estadual Paulista, Brasil)<\/li>\n\n\n\n<li>Cl\u00e1udia Faria (Universidade de Lisboa, Portugal)<\/li>\n\n\n\n<li>Cristina Vieira (Universidade de Coimbra, Portugal)<\/li>\n\n\n\n<li>Elenita Pinheiro (Universidade Federal de Uberl\u00e2ndia, Brasil)<\/li>\n\n\n\n<li>Elo\u00edna Terr\u00f3n Ba\u00f1uelos (Minist\u00e9rio de Educa\u00e7\u00e3o e Cultura, Le\u00f3n, Espanha)<\/li>\n\n\n\n<li>Enrique D\u00edez Guti\u00e9rrez (Universidade de Le\u00f3n, Espanha)<\/li>\n\n\n\n<li>Fabiane Freire Fran\u00e7a (Universidade Estadual do Par\u00e1, Brasil)<\/li>\n\n\n\n<li>Gra\u00e7a S. Carvalho (Universidade do Minho, Portugal)<\/li>\n\n\n\n<li>Isabel Alberto (Universidade de Coimbra, Portugal)<\/li>\n\n\n\n<li>Isabel Chagas (Universidade de Lisboa, Portugal)<\/li>\n\n\n\n<li>Isabel P. Martins (Universidade de Aveiro, Portugal)<\/li>\n<\/ul>\n<\/div>\n\n\n\n<div class=\"wp-block-column is-layout-flow wp-block-column-is-layout-flow\">\n<ul class=\"wp-block-list\">\n<li>Joanalira Corpes Magalh\u00e3es (Universidade Federal do Rio Grande, Brasil)<\/li>\n\n\n\n<li>Jos\u00e9 Augusto Pacheco (Universidade do Minho, Portugal)<\/li>\n\n\n\n<li>Juana Gallego (Universidad Aut\u00f3noma de Barcelona, Espanha)<\/li>\n\n\n\n<li>Marcelo M\u00e1ximo Purifica\u00e7\u00e3o (Centro Universit\u00e1rio de Mineiros, Brasil)<\/li>\n\n\n\n<li>Mary Neide Damico Figueir\u00f3 (Universidade Estadual de Londrina, Brasil)<\/li>\n\n\n\n<li>Patr\u00edcia de Oliveira e Silva Pereira Mendes (Universidade do Estado de Santa Catarina, Brasil)<\/li>\n\n\n\n<li>Paulo Rennes Mar\u00e7al Ribeiro (Universidade Estadual Paulista, Brasil)<\/li>\n\n\n\n<li>Paula Regina Costa Ribeiro (Universidade Federal do Rio Grande, Brasil)<\/li>\n\n\n\n<li>Pedro Nobre (Universidade do Porto, Portugal)<\/li>\n\n\n\n<li>Rog\u00e9rio Diniz Junqueira (Instituto Nacional de Estudos e Pesquisas Educacionais An\u00edsio Teixeira, Brasil)<\/li>\n\n\n\n<li>Rui Vieira (Universidade de Aveiro, Portugal)<\/li>\n\n\n\n<li>Sofia Freire (Universidade de Lisboa, Portugal)<\/li>\n\n\n\n<li>S\u00f3nia Maria Martins de Melo (Universidade do Estado de Santa Catarina, Brasil)<\/li>\n\n\n\n<li>Teresa Vila\u00e7a (Universidade do Minho, Portugal)<\/li>\n\n\n\n<li>Z\u00e9lia Anast\u00e1cio (Universidade do Minho, Portugal)<\/li>\n<\/ul>\n<\/div>\n<\/div>\n\n\n\n<div class=\"wp-block-columns is-layout-flex wp-container-core-columns-is-layout-9d6595d7 wp-block-columns-is-layout-flex\">\n<div class=\"wp-block-column is-layout-flow wp-block-column-is-layout-flow\" style=\"flex-basis:66.66%\">\n<h2 class=\"wp-block-heading\">Comiss\u00e3o Organizadora Local<\/h2>\n\n\n\n<figure class=\"wp-block-gallery has-nested-images columns-4 is-cropped wp-block-gallery-22 is-layout-flex wp-block-gallery-is-layout-flex\">\n<figure class=\"wp-block-image size-large is-style-rounded wp-duotone-000000-ffffff-10\"><img loading=\"lazy\" decoding=\"async\" width=\"400\" height=\"400\" data-id=\"327\" src=\"https:\/\/eventos.esec.pt\/cises\/wp-content\/uploads\/2023\/06\/08-filomena.jpg\" alt=\"\" class=\"wp-image-327\"\/><figcaption class=\"wp-element-caption\">Filomena Teixeira&nbsp;(Presidente)<\/figcaption><\/figure>\n\n\n\n<figure class=\"wp-block-image size-large is-style-rounded wp-duotone-000000-ffffff-11\"><img loading=\"lazy\" decoding=\"async\" width=\"400\" height=\"400\" data-id=\"330\" src=\"https:\/\/eventos.esec.pt\/cises\/wp-content\/uploads\/2023\/06\/01-Ana-frias.jpg\" alt=\"\" class=\"wp-image-330\"\/><figcaption class=\"wp-element-caption\">Ana Frias<\/figcaption><\/figure>\n\n\n\n<figure class=\"wp-block-image size-large is-style-rounded wp-duotone-000000-ffffff-12\"><img loading=\"lazy\" decoding=\"async\" width=\"400\" height=\"400\" data-id=\"329\" src=\"https:\/\/eventos.esec.pt\/cises\/wp-content\/uploads\/2023\/06\/02-Dulce-vaz.jpg\" alt=\"\" class=\"wp-image-329\"\/><figcaption class=\"wp-element-caption\">Dulce Vaz<\/figcaption><\/figure>\n\n\n\n<figure class=\"wp-block-image size-large is-style-rounded wp-duotone-000000-ffffff-13\"><img loading=\"lazy\" decoding=\"async\" width=\"400\" height=\"400\" data-id=\"328\" src=\"https:\/\/eventos.esec.pt\/cises\/wp-content\/uploads\/2023\/06\/03-Susana-Silveira.jpg\" alt=\"\" class=\"wp-image-328\"\/><figcaption class=\"wp-element-caption\">Susana Silveira<\/figcaption><\/figure>\n\n\n\n<figure class=\"wp-block-image size-large is-style-rounded wp-duotone-000000-ffffff-14\"><img loading=\"lazy\" decoding=\"async\" width=\"400\" height=\"400\" data-id=\"331\" src=\"https:\/\/eventos.esec.pt\/cises\/wp-content\/uploads\/2023\/06\/04-Jose-Morgado.jpg\" alt=\"\" class=\"wp-image-331\"\/><figcaption class=\"wp-element-caption\">Jos\u00e9 Morgado<\/figcaption><\/figure>\n\n\n\n<figure class=\"wp-block-image size-full is-style-rounded wp-duotone-000000-ffffff-15\"><img loading=\"lazy\" decoding=\"async\" width=\"800\" height=\"800\" data-id=\"439\" src=\"https:\/\/eventos.esec.pt\/cises\/wp-content\/uploads\/2023\/08\/alda-1.jpg\" alt=\"\" class=\"wp-image-439\"\/><figcaption class=\"wp-element-caption\">Alda Antunes<\/figcaption><\/figure>\n\n\n\n<figure class=\"wp-block-image size-full is-style-rounded wp-duotone-000000-ffffff-16\"><img loading=\"lazy\" decoding=\"async\" width=\"288\" height=\"288\" data-id=\"409\" src=\"https:\/\/eventos.esec.pt\/cises\/wp-content\/uploads\/2023\/07\/foto.png\" alt=\"\" class=\"wp-image-409\"\/><figcaption class=\"wp-element-caption\">Ana Rita Pereira<\/figcaption><\/figure>\n\n\n\n<figure class=\"wp-block-image size-full is-style-rounded wp-duotone-000000-ffffff-17\"><img loading=\"lazy\" decoding=\"async\" width=\"400\" height=\"400\" data-id=\"334\" src=\"https:\/\/eventos.esec.pt\/cises\/wp-content\/uploads\/2023\/06\/05-jose-pacheco.jpg\" alt=\"\" class=\"wp-image-334\"\/><figcaption class=\"wp-element-caption\">Jos\u00e9 Pacheco<\/figcaption><\/figure>\n\n\n\n<figure class=\"wp-block-image size-full is-style-rounded wp-duotone-000000-ffffff-18\"><img loading=\"lazy\" decoding=\"async\" width=\"800\" height=\"800\" data-id=\"441\" src=\"https:\/\/eventos.esec.pt\/cises\/wp-content\/uploads\/2023\/08\/joao.jpg\" alt=\"\" class=\"wp-image-441\"\/><figcaption class=\"wp-element-caption\">Jo\u00e3o Santos<\/figcaption><\/figure>\n\n\n\n<figure class=\"wp-block-image size-full is-style-rounded wp-duotone-000000-ffffff-19\"><img loading=\"lazy\" decoding=\"async\" width=\"800\" height=\"800\" data-id=\"444\" src=\"https:\/\/eventos.esec.pt\/cises\/wp-content\/uploads\/2023\/08\/miguel-1.jpg\" alt=\"\" class=\"wp-image-444\"\/><figcaption class=\"wp-element-caption\">Miguel Alves<\/figcaption><\/figure>\n\n\n\n<figure class=\"wp-block-image size-full is-style-rounded wp-duotone-000000-ffffff-20\"><img loading=\"lazy\" decoding=\"async\" width=\"800\" height=\"800\" data-id=\"550\" src=\"https:\/\/eventos.esec.pt\/cises\/wp-content\/uploads\/2023\/09\/Julia_silva.jpg\" alt=\"\" class=\"wp-image-550\"\/><figcaption class=\"wp-element-caption\">J\u00falia Silva<\/figcaption><\/figure>\n\n\n\n<figure class=\"wp-block-image size-full is-style-rounded wp-duotone-000000-ffffff-21\"><img loading=\"lazy\" decoding=\"async\" width=\"800\" height=\"800\" data-id=\"551\" src=\"https:\/\/eventos.esec.pt\/cises\/wp-content\/uploads\/2023\/09\/Fernando_tabanez.jpg\" alt=\"\" class=\"wp-image-551\"\/><figcaption class=\"wp-element-caption\">Fernando Tabanez<\/figcaption><\/figure>\n<\/figure>\n<\/div>\n\n\n\n<div class=\"wp-block-column is-layout-flow wp-block-column-is-layout-flow\" style=\"flex-basis:33.33%\"><\/div>\n<\/div>\n\n\n\n<p><\/p>\n\n\n\n<p><\/p>\n\n\n\n<p><\/p>\n","protected":false},"excerpt":{"rendered":"<p>Comiss\u00e3o Organizadora Comiss\u00e3o Cient\u00edfica Honor\u00e1ria Comiss\u00e3o Cient\u00edfica Comiss\u00e3o Organizadora Local<\/p>\n","protected":false},"author":1,"featured_media":0,"parent":0,"menu_order":0,"comment_status":"closed","ping_status":"open","template":"","meta":{"footnotes":""},"class_list":["post-2","page","type-page","status-publish","hentry"],"_links":{"self":[{"href":"https:\/\/eventos.esec.pt\/cises\/wp-json\/wp\/v2\/pages\/2","targetHints":{"allow":["GET"]}}],"collection":[{"href":"https:\/\/eventos.esec.pt\/cises\/wp-json\/wp\/v2\/pages"}],"about":[{"href":"https:\/\/eventos.esec.pt\/cises\/wp-json\/wp\/v2\/types\/page"}],"author":[{"embeddable":true,"href":"https:\/\/eventos.esec.pt\/cises\/wp-json\/wp\/v2\/users\/1"}],"replies":[{"embeddable":true,"href":"https:\/\/eventos.esec.pt\/cises\/wp-json\/wp\/v2\/comments?post=2"}],"version-history":[{"count":24,"href":"https:\/\/eventos.esec.pt\/cises\/wp-json\/wp\/v2\/pages\/2\/revisions"}],"predecessor-version":[{"id":676,"href":"https:\/\/eventos.esec.pt\/cises\/wp-json\/wp\/v2\/pages\/2\/revisions\/676"}],"wp:attachment":[{"href":"https:\/\/eventos.esec.pt\/cises\/wp-json\/wp\/v2\/media?parent=2"}],"curies":[{"name":"wp","href":"https:\/\/api.w.org\/{rel}","templated":true}]}}